{"id":3061,"date":"2018-11-06T09:20:49","date_gmt":"2018-11-06T09:20:49","guid":{"rendered":"https:\/\/www.nerissa.it\/termini-privacy\/"},"modified":"2019-05-02T21:45:22","modified_gmt":"2019-05-02T21:45:22","slug":"conditions-confidentialite","status":"publish","type":"page","link":"https:\/\/www.nerissa.it\/fr\/conditions-confidentialite\/","title":{"rendered":"Conditions et Confidentialit\u00e9"},"content":{"rendered":"<p>[vc_row full_width=\u00a0\u00bbstretch_row\u00a0\u00bb gap=\u00a0\u00bb\u00a0\u00bb parallax=\u00a0\u00bbcontent-moving\u00a0\u00bb parallax_image=\u00a0\u00bb1395&Prime; overlay_color=\u00a0\u00bbrgba(0,0,0,0.6)\u00a0\u00bb text_color=\u00a0\u00bb#ffffff\u00a0\u00bb css=\u00a0\u00bb.vc_custom_1548157282206{padding-top: 260px !important;padding-bottom: 180px !important;}\u00a0\u00bb][vc_column]<div class=\"heading-with-separator text-center id_169f5c6cd3e4ca984646650   \"><div class=\"header-content\">\n\t\t\t<p class=\"h-subheading\"><\/p>\n\t\t\t<h1 class=\"heading  heading-decorator-1\" style=\"; letter-spacing: 0px; \">Termes <i>&amp; Confidentialit\u00e9<\/i><\/h1><\/div><\/div><div class=\"custom-styles\" data-styles=\".id_169f5c6cd3e4ca984646650 .heading-decorator-1:before, .id_169f5c6cd3e4ca984646650 .heading-decorator-1:after { border-color: }\"><\/div>[\/vc_column][\/vc_row][vc_row gap=\u00a0\u00bb\u00a0\u00bb css=\u00a0\u00bb.vc_custom_1545307477944{padding-top: 120px !important;padding-bottom: 60px !important;}\u00a0\u00bb][vc_column][vc_column_text css=\u00a0\u00bb.vc_custom_1556814220222{margin-bottom: 60px !important;}\u00a0\u00bb]<strong>CONDITIONS ET CONFIDENTIALIT\u00c9<\/strong><br \/>\nLa propri\u00e9t\u00e9 est lou\u00e9e conform\u00e9ment \u00e0 l&rsquo;art. 1 &#8211; paragraphe 2 &#8211; lett. C) de la loi du 9 d\u00e9cembre 1998 n. 431, afin de satisfaire les besoins de logements temporaires exclusivement \u00e0 des fins touristiques.<\/p>\n<p>1. R\u00c9SERVATION<br \/>\nLa r\u00e9servation ne sera consid\u00e9r\u00e9e comme d\u00e9finitivement confirm\u00e9e qu&rsquo;\u00e0 la r\u00e9ception de la \u00ab\u00a0confirmation \u00e9crite\u00a0\u00bb qui sera envoy\u00e9e imm\u00e9diatement apr\u00e8s r\u00e9ception du d\u00e9p\u00f4t.<\/p>\n<p>2. PAIEMENT<br \/>\nLe d\u00e9p\u00f4t \u00e0 verser pour la r\u00e9servation est \u00e9gal au co\u00fbt de la premi\u00e8re nuit. Pendant la haute saison (du 1er juin au 30 septembre), le propri\u00e9taire peut demander que le montant total de l&rsquo;acompte vers\u00e9 (y compris la premi\u00e8re nuit) soit int\u00e9gr\u00e9 pour une valeur totale de 50% du loyer total. Le solde du loyer doit \u00eatre pay\u00e9 \u00e0 l&rsquo;arriv\u00e9e, ainsi que la remise des cl\u00e9s de l&rsquo;appartement.<\/p>\n<p>3. ANNULATION<br \/>\nSi le locataire a pay\u00e9 un montant sup\u00e9rieur au co\u00fbt de la premi\u00e8re nuit et est contraint d&rsquo;annuler sa r\u00e9servation pour des raisons l\u00e9gitimes, il doit en avertir par \u00e9crit au moins 30 jours avant la date d&rsquo;arriv\u00e9e pr\u00e9vue. Dans ce cas, le montant le plus \u00e9lev\u00e9 sera rembours\u00e9. L&rsquo;acompte correspondant au co\u00fbt de la premi\u00e8re nuit ne sera en aucun cas restitu\u00e9.<\/p>\n<p>4. ARRIV\u00c9E<br \/>\nLa remise des cl\u00e9s n\u2019aura lieu qu\u2019apr\u00e8s le paiement du solde. Sauf disposition contraire, le bien sera r\u00e9put\u00e9 \u00eatre disponible \u00e0 la livraison \u00e0 partir de 15h00 le jour de votre arriv\u00e9e, le retour devant avoir lieu au plus tard \u00e0 10h00. Au cas o\u00f9 le locataire ne r\u00e9cup\u00e8rerait pas les cl\u00e9s et ne paierait pas le solde du montant d\u00fb, le contrat sera consid\u00e9r\u00e9 comme r\u00e9sili\u00e9 et le d\u00e9p\u00f4t sera conserv\u00e9. \u00c0 l\u2019arriv\u00e9e, les documents d\u2019identit\u00e9 de toutes les personnes qui occuperont l\u2019appartement doivent \u00eatre pr\u00e9sent\u00e9s pour l\u2019inscription.<\/p>\n<p>5. REGLEMENT DE RESIDENCE<br \/>\nLe logement ou l&rsquo;utilisation de l&rsquo;appartement ainsi que les services de copropri\u00e9t\u00e9 par un nombre de personnes sup\u00e9rieur \u00e0 celui convenu conviennent \u00e0 la r\u00e9siliation du contrat, conform\u00e9ment \u00e0 l&rsquo;art. 1456 du code civil et l&rsquo;obligation de payer l&rsquo;int\u00e9gralit\u00e9 des frais convenus au locateur \u00e0 titre de p\u00e9nalit\u00e9 au sens de l&rsquo;art. 1382 c.c. Le chef de train s\u2019engage \u00e0 respecter scrupuleusement les r\u00e8gles de la copropri\u00e9t\u00e9, en particulier celles relatives au calme. En cas de non-respect grave, le contrat de location sera consid\u00e9r\u00e9 comme r\u00e9sili\u00e9 avec effet imm\u00e9diat. La sous-location est interdite. Il est interdit de fumer \u00e0 l&rsquo;int\u00e9rieur de l&rsquo;appartement. Les animaux domestiques ne sont pas accept\u00e9s (m\u00eame les plus petits). Vous \u00eates invit\u00e9 \u00e0 laisser la cuisine propre.<\/p>\n<p>6. EQUIPEMENT DE L&rsquo;APPARTEMENT<br \/>\nL&rsquo;appartement est livr\u00e9 enti\u00e8rement meubl\u00e9 et \u00e9quip\u00e9 avec chauffage ind\u00e9pendant, climatisation, cuisine (\u00e9quip\u00e9e de vaisselle, casseroles, po\u00eales, r\u00e9frig\u00e9rateur, cong\u00e9lateur, four \u00e9lectrique, four micro-ondes, bouilloire \u00e9lectrique), lave-linge, t\u00e9l\u00e9vision, internet wifi, fer et planche \u00e0 repasser, s\u00e8che-cheveux. Le linge de maison (draps et serviettes), les nappes et les torchons sont fournis.<\/p>\n<p>7.CAUZIONE<br \/>\nLe locataire s&rsquo;engage \u00e0 prendre le plus grand soin de l&rsquo;appartement et des appareils \u00e9lectrom\u00e9nagers (vaisselle, r\u00e9frig\u00e9rateur, matelas, etc.). Les casses ou dommages d\u2019objets doivent \u00eatre rembours\u00e9s. Pour garantir le respect ponctuel de ce qui pr\u00e9c\u00e8de et l\u2019engagement de quitter l\u2019appartement dans l\u2019ordre, le locataire devra \u00e9galement payer au locateur 50,00 EUR (50\/00). ) en tant que d\u00e9p\u00f4t de garantie ne portant pas int\u00e9r\u00eat. Cette somme vous sera restitu\u00e9e au moment de la remise des cl\u00e9s, sous r\u00e9serve de la v\u00e9rification de l&rsquo;\u00e9tat du mobilier et de la commande de l&rsquo;appartement. En cas de d\u00e9part anticip\u00e9 ou pendant la nuit, le d\u00e9p\u00f4t de garantie sera envoy\u00e9 par virement bancaire, virement paypal ou postal ( en d\u00e9duisant les frais d&rsquo;exp\u00e9dition) toujours apr\u00e8s avoir v\u00e9rifi\u00e9 l&rsquo;\u00e9tat des meubles et la commande de l&rsquo;appartement.<\/p>\n<p>8. D\u00c9TAILS DES CO\u00dbTS<br \/>\nLes prix comprennent l&rsquo;\u00e9lectricit\u00e9, le gaz, le chauffage, l&rsquo;eau, Internet Wi-Fi, le linge de lit et les serviettes. Gratuit pour les enfants jusqu&rsquo;\u00e0 4 ans s&rsquo;ils dorment dans une chambre avec deux adultes. Disponible sur demande: chaise haute pour b\u00e9b\u00e9, lit de camping pour b\u00e9b\u00e9.<\/p>\n<p>9. D\u00c9PART<br \/>\nL&rsquo;appartement doit \u00eatre lib\u00e9r\u00e9 avant 10h00 \u00e0 la date convenue. Le d\u00e9part doit avoir lieu \u00e0 l\u2019heure pr\u00e9vue afin de permettre au personnel en charge de v\u00e9rifier l\u2019\u00e9tat de la maintenance. Aucune somme ne sera due en retour en cas de retour des cl\u00e9s avant la date d&rsquo;expiration du bail. Toute prolongation du bail doit \u00eatre convenue avec le propri\u00e9taire et sous r\u00e9serve de la disponibilit\u00e9 de la propri\u00e9t\u00e9.<\/p>\n<p>10. LITIGES<br \/>\nTout litige pouvant survenir dans le cadre du contrat de location sera r\u00e9gl\u00e9 \u00e0 l&rsquo;amiable. Si la composition amicale n&rsquo;est pas atteinte, le litige sera r\u00e9solu devant le tribunal de Barcelone, P.G.<\/p>\n<p>11. VIE PRIV\u00c9E<br \/>\nConform\u00e9ment au d\u00e9cret l\u00e9gislatif n. 196\/2003 sur le \u00ab\u00a0Code concernant la protection des donn\u00e9es personnelles\u00a0\u00bb, nous vous informons que les donn\u00e9es personnelles saisies dans le formulaire de r\u00e9servation seront trait\u00e9es conform\u00e9ment \u00e0 la pr\u00e9sente loi, uniquement et exclusivement aux fins li\u00e9es \u00e0 la fourniture du service de r\u00e9servation et d&rsquo;envoi. la publicit\u00e9. Le 4 mai 2016, le nouveau r\u00e8glement g\u00e9n\u00e9ral sur la protection des donn\u00e9es (RGPD) a \u00e9t\u00e9 publi\u00e9 au Journal officiel de l&rsquo;Union europ\u00e9enne, qui entre en vigueur le 25 mai 2018. Le code de confidentialit\u00e9 n\u2019a donc plus d\u2019effet sur l\u2019ensemble des r\u00e9glementations, contrairement \u00e0 la nouvelle r\u00e9glementation g\u00e9n\u00e9rale de l\u2019UE. La compilation et l\u2019envoi de la confirmation de r\u00e9servation exprime le consentement du client au traitement des donn\u00e9es \u00e0 caract\u00e8re personnel contenues dans le formulaire de confirmation. ci-dessus.<\/p>\n<p>12. CONDITIONS D&rsquo;ANNULATION<br \/>\nSi le locataire a pay\u00e9 un montant sup\u00e9rieur au co\u00fbt de la premi\u00e8re nuit et est contraint d&rsquo;annuler sa r\u00e9servation pour des raisons l\u00e9gitimes, il doit en avertir par \u00e9crit au moins 30 jours avant la date d&rsquo;arriv\u00e9e pr\u00e9vue. Dans ce cas, le montant le plus \u00e9lev\u00e9 qui vous sera vers\u00e9 sera restitu\u00e9, et ce pour aucune raison, le d\u00e9p\u00f4t de garantie correspondant au co\u00fbt de la premi\u00e8re nuit ne sera restitu\u00e9.[\/vc_column_text][\/vc_column][\/vc_row]<\/p>","protected":false},"excerpt":{"rendered":"<p>[vc_row full_width=\u00a0\u00bbstretch_row\u00a0\u00bb gap=\u00a0\u00bb\u00a0\u00bb parallax=\u00a0\u00bbcontent-moving\u00a0\u00bb parallax_image=\u00a0\u00bb1395&Prime; overlay_color=\u00a0\u00bbrgba(0,0,0,0.6)\u00a0\u00bb text_color=\u00a0\u00bb#ffffff\u00a0\u00bb css=\u00a0\u00bb.vc_custom_1548157282206{padding-top: 260px !important;padding-bottom: 180px !important;}\u00a0\u00bb][vc_column][\/vc_column][\/vc_row][vc_row gap=\u00a0\u00bb\u00a0\u00bb css=\u00a0\u00bb.vc_custom_1545307477944{padding-top: 120px !important;padding-bottom: 60px !important;}\u00a0\u00bb][vc_column][vc_column_text css=\u00a0\u00bb.vc_custom_1556814220222{margin-bottom: 60px !important;}\u00a0\u00bb]CONDITIONS ET CONFIDENTIALIT\u00c9 La propri\u00e9t\u00e9 est lou\u00e9e conform\u00e9ment \u00e0 l&rsquo;art. 1 &#8211; paragraphe 2 &#8211; lett. C) de la loi du 9 d\u00e9cembre 1998 n. 431, afin de satisfaire les besoins de logements temporaires exclusivement[&#8230;] <a href=\"https:\/\/www.nerissa.it\/fr\/conditions-confidentialite\/\" class=\"more-link\">Continue reading<\/a><\/p>\n","protected":false},"author":1,"featured_media":0,"parent":0,"menu_order":0,"comment_status":"closed","ping_status":"closed","template":"","meta":[],"yoast_head":"<!-- This site is optimized with the Yoast SEO plugin v21.1 - https:\/\/yoast.com\/wordpress\/plugins\/seo\/ -->\n<title>Conditions et Confidentialit\u00e9 - Nerissa Holiday Apartment Milazzo<\/title>\n<meta name=\"description\" content=\"Conditions de la maison de vacances Nerissa. Confidentialit\u00e9 Appartement de vacances Nerissa.\" \/>\n<meta name=\"robots\" content=\"index, follow, max-snippet:-1, max-image-preview:large, max-video-preview:-1\" \/>\n<link rel=\"canonical\" href=\"https:\/\/www.nerissa.it\/fr\/conditions-confidentialite\/\" \/>\n<meta property=\"og:locale\" content=\"fr_FR\" \/>\n<meta property=\"og:type\" content=\"article\" \/>\n<meta property=\"og:title\" content=\"Conditions et Confidentialit\u00e9 - Nerissa Holiday Apartment Milazzo\" \/>\n<meta property=\"og:description\" content=\"Conditions de la maison de vacances Nerissa. Confidentialit\u00e9 Appartement de vacances Nerissa.\" \/>\n<meta property=\"og:url\" content=\"https:\/\/www.nerissa.it\/fr\/conditions-confidentialite\/\" \/>\n<meta property=\"og:site_name\" content=\"Nerissa Holiday Apartment Milazzo\" \/>\n<meta property=\"article:publisher\" content=\"https:\/\/www.facebook.com\/AppartamentoVacanzeMilazzo\/\" \/>\n<meta property=\"article:modified_time\" content=\"2019-05-02T21:45:22+00:00\" \/>\n<meta name=\"twitter:card\" content=\"summary_large_image\" \/>\n<meta name=\"twitter:label1\" content=\"Dur\u00e9e de lecture estim\u00e9e\" \/>\n\t<meta name=\"twitter:data1\" content=\"6 minutes\" \/>\n<script type=\"application\/ld+json\" class=\"yoast-schema-graph\">{\"@context\":\"https:\/\/schema.org\",\"@graph\":[{\"@type\":\"WebPage\",\"@id\":\"https:\/\/www.nerissa.it\/fr\/conditions-confidentialite\/\",\"url\":\"https:\/\/www.nerissa.it\/fr\/conditions-confidentialite\/\",\"name\":\"Conditions et Confidentialit\u00e9 - Nerissa Holiday Apartment Milazzo\",\"isPartOf\":{\"@id\":\"https:\/\/www.nerissa.it\/fr\/#website\"},\"datePublished\":\"2018-11-06T09:20:49+00:00\",\"dateModified\":\"2019-05-02T21:45:22+00:00\",\"description\":\"Conditions de la maison de vacances Nerissa. Confidentialit\u00e9 Appartement de vacances Nerissa.\",\"breadcrumb\":{\"@id\":\"https:\/\/www.nerissa.it\/fr\/conditions-confidentialite\/#breadcrumb\"},\"inLanguage\":\"fr-FR\",\"potentialAction\":[{\"@type\":\"ReadAction\",\"target\":[\"https:\/\/www.nerissa.it\/fr\/conditions-confidentialite\/\"]}]},{\"@type\":\"BreadcrumbList\",\"@id\":\"https:\/\/www.nerissa.it\/fr\/conditions-confidentialite\/#breadcrumb\",\"itemListElement\":[{\"@type\":\"ListItem\",\"position\":1,\"name\":\"Home\",\"item\":\"https:\/\/www.nerissa.it\/fr\/\"},{\"@type\":\"ListItem\",\"position\":2,\"name\":\"Conditions et Confidentialit\u00e9\"}]},{\"@type\":\"WebSite\",\"@id\":\"https:\/\/www.nerissa.it\/fr\/#website\",\"url\":\"https:\/\/www.nerissa.it\/fr\/\",\"name\":\"Nerissa Holiday Apartment Milazzo\",\"description\":\"Appartamento per Vacanze in affitto a Milazzo. Casa Vacanze a Milazzo.\",\"potentialAction\":[{\"@type\":\"SearchAction\",\"target\":{\"@type\":\"EntryPoint\",\"urlTemplate\":\"https:\/\/www.nerissa.it\/fr\/?s={search_term_string}\"},\"query-input\":\"required name=search_term_string\"}],\"inLanguage\":\"fr-FR\"}]}<\/script>\n<!-- \/ Yoast SEO plugin. -->","yoast_head_json":{"title":"Conditions et Confidentialit\u00e9 - Nerissa Holiday Apartment Milazzo","description":"Conditions de la maison de vacances Nerissa. Confidentialit\u00e9 Appartement de vacances Nerissa.","robots":{"index":"index","follow":"follow","max-snippet":"max-snippet:-1","max-image-preview":"max-image-preview:large","max-video-preview":"max-video-preview:-1"},"canonical":"https:\/\/www.nerissa.it\/fr\/conditions-confidentialite\/","og_locale":"fr_FR","og_type":"article","og_title":"Conditions et Confidentialit\u00e9 - Nerissa Holiday Apartment Milazzo","og_description":"Conditions de la maison de vacances Nerissa. Confidentialit\u00e9 Appartement de vacances Nerissa.","og_url":"https:\/\/www.nerissa.it\/fr\/conditions-confidentialite\/","og_site_name":"Nerissa Holiday Apartment Milazzo","article_publisher":"https:\/\/www.facebook.com\/AppartamentoVacanzeMilazzo\/","article_modified_time":"2019-05-02T21:45:22+00:00","twitter_card":"summary_large_image","twitter_misc":{"Dur\u00e9e de lecture estim\u00e9e":"6 minutes"},"schema":{"@context":"https:\/\/schema.org","@graph":[{"@type":"WebPage","@id":"https:\/\/www.nerissa.it\/fr\/conditions-confidentialite\/","url":"https:\/\/www.nerissa.it\/fr\/conditions-confidentialite\/","name":"Conditions et Confidentialit\u00e9 - Nerissa Holiday Apartment Milazzo","isPartOf":{"@id":"https:\/\/www.nerissa.it\/fr\/#website"},"datePublished":"2018-11-06T09:20:49+00:00","dateModified":"2019-05-02T21:45:22+00:00","description":"Conditions de la maison de vacances Nerissa. Confidentialit\u00e9 Appartement de vacances Nerissa.","breadcrumb":{"@id":"https:\/\/www.nerissa.it\/fr\/conditions-confidentialite\/#breadcrumb"},"inLanguage":"fr-FR","potentialAction":[{"@type":"ReadAction","target":["https:\/\/www.nerissa.it\/fr\/conditions-confidentialite\/"]}]},{"@type":"BreadcrumbList","@id":"https:\/\/www.nerissa.it\/fr\/conditions-confidentialite\/#breadcrumb","itemListElement":[{"@type":"ListItem","position":1,"name":"Home","item":"https:\/\/www.nerissa.it\/fr\/"},{"@type":"ListItem","position":2,"name":"Conditions et Confidentialit\u00e9"}]},{"@type":"WebSite","@id":"https:\/\/www.nerissa.it\/fr\/#website","url":"https:\/\/www.nerissa.it\/fr\/","name":"Nerissa Holiday Apartment Milazzo","description":"Appartamento per Vacanze in affitto a Milazzo. Casa Vacanze a Milazzo.","potentialAction":[{"@type":"SearchAction","target":{"@type":"EntryPoint","urlTemplate":"https:\/\/www.nerissa.it\/fr\/?s={search_term_string}"},"query-input":"required name=search_term_string"}],"inLanguage":"fr-FR"}]}},"_links":{"self":[{"href":"https:\/\/www.nerissa.it\/fr\/wp-json\/wp\/v2\/pages\/3061"}],"collection":[{"href":"https:\/\/www.nerissa.it\/fr\/wp-json\/wp\/v2\/pages"}],"about":[{"href":"https:\/\/www.nerissa.it\/fr\/wp-json\/wp\/v2\/types\/page"}],"author":[{"embeddable":true,"href":"https:\/\/www.nerissa.it\/fr\/wp-json\/wp\/v2\/users\/1"}],"replies":[{"embeddable":true,"href":"https:\/\/www.nerissa.it\/fr\/wp-json\/wp\/v2\/comments?post=3061"}],"version-history":[{"count":4,"href":"https:\/\/www.nerissa.it\/fr\/wp-json\/wp\/v2\/pages\/3061\/revisions"}],"predecessor-version":[{"id":3189,"href":"https:\/\/www.nerissa.it\/fr\/wp-json\/wp\/v2\/pages\/3061\/revisions\/3189"}],"wp:attachment":[{"href":"https:\/\/www.nerissa.it\/fr\/wp-json\/wp\/v2\/media?parent=3061"}],"curies":[{"name":"wp","href":"https:\/\/api.w.org\/{rel}","templated":true}]}}