{"id":3103,"date":"2018-11-07T10:36:37","date_gmt":"2018-11-07T10:36:37","guid":{"rendered":"https:\/\/www.nerissa.it\/casa-per-vacanze-a-milazzo\/"},"modified":"2023-03-17T10:04:05","modified_gmt":"2023-03-17T10:04:05","slug":"casa-de-vacaciones-en-milazzo","status":"publish","type":"page","link":"https:\/\/www.nerissa.it\/es\/casa-de-vacaciones-en-milazzo\/","title":{"rendered":"Casa de vacaciones en Milazzo"},"content":{"rendered":"<p>[vc_row full_width=\u00bbstretch_row_content_no_spaces\u00bb gap=\u00bb\u00bb css=\u00bb.vc_custom_1544523303402{margin-bottom: 50px !important;}\u00bb][vc_column width=\u00bb1\/3&#8243;]<div class=\"interactive-box no_hover standard-box animate-text  active-hover open-lightbox\" data-sm-height=\"400\" data-lg-height=\"500\">\t\n\t\t\t\t\t<div class=\"interactive-img\" style=\"background-image: url(https:\/\/www.nerissa.it\/wp-content\/uploads\/2019\/04\/Cucina-appartamento-per-vacanze-a-milazzo-centro-1024x637.jpg);\"><\/div>\n\t\t\t\t\t<div class=\"box-overlay\" style=\"background: rgba(0,0,0,0.4)\"><\/div>\t\n\t\t\t\t\t<div class=\"box-content\" style=\"align-items: center; justify-content: center; color: #ffffff;\">\n\t\t\t\t\t<\/div>\t\t\n\t\t\t\t\t\n\t\t\t\t\t\n\t\t\t\t\t \n\t\t\t\t<\/div>[\/vc_column][vc_column width=\u00bb1\/3&#8243;]<div class=\"interactive-box no_hover standard-box animate-text  active-hover open-lightbox\" data-sm-height=\"400\" data-lg-height=\"500\">\t\n\t\t\t\t\t<div class=\"interactive-img\" style=\"background-image: url(https:\/\/www.nerissa.it\/wp-content\/uploads\/2019\/04\/Camera-da-letto-appartamento-per-vacanze-a-Milazzo-1-1024x577.jpg);\"><\/div>\n\t\t\t\t\t<div class=\"box-overlay\" style=\"background: rgba(0,0,0,0.4)\"><\/div>\t\n\t\t\t\t\t<div class=\"box-content\" style=\"align-items: center; justify-content: center; color: #ffffff;\"><div class=\"box-text\" style=\" padding: 0;\">\n<h3 class=\"heading heading-decorator-1\" style=\"text-align: center; margin-bottom: 10px;\"><\/h3>\n<\/div>\n\t\t\t\t\t<\/div>\t\t\n\t\t\t\t\t\n\t\t\t\t\t\n\t\t\t\t\t \n\t\t\t\t<\/div>[\/vc_column][vc_column width=\u00bb1\/3&#8243;]<div class=\"interactive-box no_hover standard-box animate-text  active-hover open-lightbox\" data-sm-height=\"400\" data-lg-height=\"500\">\t\n\t\t\t\t\t<div class=\"interactive-img\" style=\"background-image: url(https:\/\/www.nerissa.it\/wp-content\/uploads\/2019\/04\/Appartamento-per-vacanze-a-Milazzo-doccia-per-portatori-di-handicap-768x1024.jpg);\"><\/div>\n\t\t\t\t\t<div class=\"box-overlay\" style=\"background: rgba(0,0,0,0.4)\"><\/div>\t\n\t\t\t\t\t<div class=\"box-content\" style=\"align-items: center; justify-content: center; color: #ffffff;\">\n\t\t\t\t\t<\/div>\t\t\n\t\t\t\t\t\n\t\t\t\t\t\n\t\t\t\t\t \n\t\t\t\t<\/div>[\/vc_column][\/vc_row][vc_row][vc_column][vc_column_text]<\/p>\n<p class=\"font7\">El apartamento Nerissa es un apartamento de dos habitaciones con sistema de calefacci\u00f3n independiente, aire acondicionado, TV, internet wifi, lavadora, plancha y tabla de planchar, secador de pelo. Los muebles son modernos y c\u00f3modos para garantizar unas vacaciones de relax y bienestar. Consta de entrada, cocina completa (equipada con vajilla y ollas, nevera, congelador, horno el\u00e9ctrico, horno microondas, hervidor el\u00e9ctrico) y sala de estar con sof\u00e1 cama, dormitorio doble con ba\u00f1o completo adjunto con ducha y lavadora. Grandes balcones. El apartamento de Nerissa est\u00e1 completamente libre de barreras arquitect\u00f3nicas. El amplio ba\u00f1o tambi\u00e9n es adecuado para personas con movilidad reducida, con ducha directamente accesible en silla de ruedas y equipada con barras de apoyo. Aparcamiento interno reservado. No se permite fumar dentro del apartamento. No se aceptan animales (incluso los peque\u00f1os).<\/p>\n<p>[\/vc_column_text][vc_empty_space][\/vc_column][\/vc_row][vc_row full_width=\u00bbstretch_row\u00bb gap=\u00bb\u00bb equal_height=\u00bbyes\u00bb content_placement=\u00bbmiddle\u00bb overlay_color=\u00bb#f2f7fa\u00bb css=\u00bb.vc_custom_1544527481010{padding-top: 100px !important;padding-bottom: 60px !important;}\u00bb][vc_column width=\u00bb1\/2&#8243;]<div class=\"rokka-gallery-carousel swiper-container id_169e682ab46303176268800 show-gutter \" data-height=\"500\" data-autoplay=\"0\">\n\t\t\t<div class=\"rokka-gallery-carousel-wrapper\">\n\t\t\t\t<div class=\"swiper-wrapper animate-text\"><div class=\"swiper-slide\"><div class=\"rokka-gallery-item gallery-lightbox\">\n\t\t\t\t\t\t<a class=\"gallery-link\" href=\"https:\/\/www.nerissa.it\/wp-content\/uploads\/2019\/04\/Appartamento-per-Vacanze-a-Milazzo-con-parcheggio-sicuro-1.jpg\" data-size=\"761x508\"><\/a>\n\t\t\t\t\t\t<div class=\"image-wrapper\"><img height=\"508\" width=\"761\" alt=\"img-gallery-carousel\" src=\"https:\/\/www.nerissa.it\/wp-content\/uploads\/2019\/04\/Appartamento-per-Vacanze-a-Milazzo-con-parcheggio-sicuro-1.jpg\"\/>\n\t\t\t\t\t\t<\/div>\n\t\t\t\t\t<\/div><\/div><div class=\"swiper-slide\"><div class=\"rokka-gallery-item gallery-lightbox\">\n\t\t\t\t\t\t<a class=\"gallery-link\" href=\"https:\/\/www.nerissa.it\/wp-content\/uploads\/2019\/04\/Ingresso-pedonale-e-con-auto.jpg\" data-size=\"912x684\"><\/a>\n\t\t\t\t\t\t<div class=\"image-wrapper\"><img height=\"684\" width=\"912\" alt=\"img-gallery-carousel\" src=\"https:\/\/www.nerissa.it\/wp-content\/uploads\/2019\/04\/Ingresso-pedonale-e-con-auto.jpg\"\/>\n\t\t\t\t\t\t<\/div>\n\t\t\t\t\t<\/div><\/div><div class=\"swiper-slide\"><div class=\"rokka-gallery-item gallery-lightbox\">\n\t\t\t\t\t\t<a class=\"gallery-link\" href=\"https:\/\/www.nerissa.it\/wp-content\/uploads\/2019\/04\/Appartamento-per-vacanze-a-Milazzo-con-parcheggio-privato.jpg\" data-size=\"1680x945\"><\/a>\n\t\t\t\t\t\t<div class=\"image-wrapper\"><img height=\"945\" width=\"1680\" alt=\"img-gallery-carousel\" src=\"https:\/\/www.nerissa.it\/wp-content\/uploads\/2019\/04\/Appartamento-per-vacanze-a-Milazzo-con-parcheggio-privato.jpg\"\/>\n\t\t\t\t\t\t<\/div>\n\t\t\t\t\t<\/div><\/div><div class=\"swiper-slide\"><div class=\"rokka-gallery-item gallery-lightbox\">\n\t\t\t\t\t\t<a class=\"gallery-link\" href=\"https:\/\/www.nerissa.it\/wp-content\/uploads\/2019\/04\/Appartamento-per-vacanze-a-Milazzo-portone-di-ingresso.jpg\" data-size=\"1094x821\"><\/a>\n\t\t\t\t\t\t<div class=\"image-wrapper\"><img height=\"821\" width=\"1094\" alt=\"img-gallery-carousel\" src=\"https:\/\/www.nerissa.it\/wp-content\/uploads\/2019\/04\/Appartamento-per-vacanze-a-Milazzo-portone-di-ingresso.jpg\"\/>\n\t\t\t\t\t\t<\/div>\n\t\t\t\t\t<\/div><\/div><div class=\"swiper-slide\"><div class=\"rokka-gallery-item gallery-lightbox\">\n\t\t\t\t\t\t<a class=\"gallery-link\" href=\"https:\/\/www.nerissa.it\/wp-content\/uploads\/2019\/04\/Appartamento-per-vacanze-a-Milazzo-ascensore.jpg\" data-size=\"821x1094\"><\/a>\n\t\t\t\t\t\t<div class=\"image-wrapper\"><img height=\"1094\" width=\"821\" alt=\"img-gallery-carousel\" src=\"https:\/\/www.nerissa.it\/wp-content\/uploads\/2019\/04\/Appartamento-per-vacanze-a-Milazzo-ascensore.jpg\"\/>\n\t\t\t\t\t\t<\/div>\n\t\t\t\t\t<\/div><\/div><div class=\"swiper-slide\"><div class=\"rokka-gallery-item gallery-lightbox\">\n\t\t\t\t\t\t<a class=\"gallery-link\" href=\"https:\/\/www.nerissa.it\/wp-content\/uploads\/2019\/04\/Porta-ingresso.jpg\" data-size=\"720x960\"><\/a>\n\t\t\t\t\t\t<div class=\"image-wrapper\"><img height=\"960\" width=\"720\" alt=\"img-gallery-carousel\" src=\"https:\/\/www.nerissa.it\/wp-content\/uploads\/2019\/04\/Porta-ingresso.jpg\"\/>\n\t\t\t\t\t\t<\/div>\n\t\t\t\t\t<\/div><\/div><div class=\"swiper-slide\"><div class=\"rokka-gallery-item gallery-lightbox\">\n\t\t\t\t\t\t<a class=\"gallery-link\" href=\"https:\/\/www.nerissa.it\/wp-content\/uploads\/2019\/04\/Appartamento-per-vacanze-a-Milazzo-ingresso-1.jpg\" data-size=\"1152x648\"><\/a>\n\t\t\t\t\t\t<div class=\"image-wrapper\"><img height=\"648\" width=\"1152\" alt=\"img-gallery-carousel\" src=\"https:\/\/www.nerissa.it\/wp-content\/uploads\/2019\/04\/Appartamento-per-vacanze-a-Milazzo-ingresso-1.jpg\"\/>\n\t\t\t\t\t\t<\/div>\n\t\t\t\t\t<\/div><\/div><div class=\"swiper-slide\"><div class=\"rokka-gallery-item gallery-lightbox\">\n\t\t\t\t\t\t<a class=\"gallery-link\" href=\"https:\/\/www.nerissa.it\/wp-content\/uploads\/2019\/04\/Cucina-appartamento-per-vacanze-a-milazzo-centro-1.jpg\" data-size=\"1320x821\"><\/a>\n\t\t\t\t\t\t<div class=\"image-wrapper\"><img height=\"821\" width=\"1320\" alt=\"img-gallery-carousel\" src=\"https:\/\/www.nerissa.it\/wp-content\/uploads\/2019\/04\/Cucina-appartamento-per-vacanze-a-milazzo-centro-1.jpg\"\/>\n\t\t\t\t\t\t<\/div>\n\t\t\t\t\t<\/div><\/div><div class=\"swiper-slide\"><div class=\"rokka-gallery-item gallery-lightbox\">\n\t\t\t\t\t\t<a class=\"gallery-link\" href=\"https:\/\/www.nerissa.it\/wp-content\/uploads\/2019\/04\/Cucina-angolo-cottura.jpg\" data-size=\"1000x684\"><\/a>\n\t\t\t\t\t\t<div class=\"image-wrapper\"><img height=\"684\" width=\"1000\" alt=\"img-gallery-carousel\" src=\"https:\/\/www.nerissa.it\/wp-content\/uploads\/2019\/04\/Cucina-angolo-cottura.jpg\"\/>\n\t\t\t\t\t\t<\/div>\n\t\t\t\t\t<\/div><\/div><div class=\"swiper-slide\"><div class=\"rokka-gallery-item gallery-lightbox\">\n\t\t\t\t\t\t<a class=\"gallery-link\" href=\"https:\/\/www.nerissa.it\/wp-content\/uploads\/2019\/04\/Colazione-al-Nerissa-Holiday-Apartment-Milazzo.jpg\" data-size=\"1080x746\"><\/a>\n\t\t\t\t\t\t<div class=\"image-wrapper\"><img height=\"746\" width=\"1080\" alt=\"img-gallery-carousel\" src=\"https:\/\/www.nerissa.it\/wp-content\/uploads\/2019\/04\/Colazione-al-Nerissa-Holiday-Apartment-Milazzo.jpg\"\/>\n\t\t\t\t\t\t<\/div>\n\t\t\t\t\t<\/div><\/div><div class=\"swiper-slide\"><div class=\"rokka-gallery-item gallery-lightbox\">\n\t\t\t\t\t\t<a class=\"gallery-link\" href=\"https:\/\/www.nerissa.it\/wp-content\/uploads\/2019\/04\/Divano-e-soggiorno-appartamento-vacanze-a-Milazzo.jpg\" data-size=\"1064x730\"><\/a>\n\t\t\t\t\t\t<div class=\"image-wrapper\"><img height=\"730\" width=\"1064\" alt=\"img-gallery-carousel\" src=\"https:\/\/www.nerissa.it\/wp-content\/uploads\/2019\/04\/Divano-e-soggiorno-appartamento-vacanze-a-Milazzo.jpg\"\/>\n\t\t\t\t\t\t<\/div>\n\t\t\t\t\t<\/div><\/div><div class=\"swiper-slide\"><div class=\"rokka-gallery-item gallery-lightbox\">\n\t\t\t\t\t\t<a class=\"gallery-link\" href=\"https:\/\/www.nerissa.it\/wp-content\/uploads\/2019\/04\/Divano-letto-appartamento.jpg\" data-size=\"675x900\"><\/a>\n\t\t\t\t\t\t<div class=\"image-wrapper\"><img height=\"900\" width=\"675\" alt=\"img-gallery-carousel\" src=\"https:\/\/www.nerissa.it\/wp-content\/uploads\/2019\/04\/Divano-letto-appartamento.jpg\"\/>\n\t\t\t\t\t\t<\/div>\n\t\t\t\t\t<\/div><\/div><div class=\"swiper-slide\"><div class=\"rokka-gallery-item gallery-lightbox\">\n\t\t\t\t\t\t<a class=\"gallery-link\" href=\"https:\/\/www.nerissa.it\/wp-content\/uploads\/2019\/04\/Casa-per-vacanze-a-Milazzo-camera-da-letto.jpg\" data-size=\"960x540\"><\/a>\n\t\t\t\t\t\t<div class=\"image-wrapper\"><img height=\"540\" width=\"960\" alt=\"img-gallery-carousel\" src=\"https:\/\/www.nerissa.it\/wp-content\/uploads\/2019\/04\/Casa-per-vacanze-a-Milazzo-camera-da-letto.jpg\"\/>\n\t\t\t\t\t\t<\/div>\n\t\t\t\t\t<\/div><\/div><div class=\"swiper-slide\"><div class=\"rokka-gallery-item gallery-lightbox\">\n\t\t\t\t\t\t<a class=\"gallery-link\" href=\"https:\/\/www.nerissa.it\/wp-content\/uploads\/2019\/04\/Camera-da-letto-appartamento-per-vacanze-a-Milazzo.jpg\" data-size=\"1142x643\"><\/a>\n\t\t\t\t\t\t<div class=\"image-wrapper\"><img height=\"643\" width=\"1142\" alt=\"img-gallery-carousel\" src=\"https:\/\/www.nerissa.it\/wp-content\/uploads\/2019\/04\/Camera-da-letto-appartamento-per-vacanze-a-Milazzo.jpg\"\/>\n\t\t\t\t\t\t<\/div>\n\t\t\t\t\t<\/div><\/div><div class=\"swiper-slide\"><div class=\"rokka-gallery-item gallery-lightbox\">\n\t\t\t\t\t\t<a class=\"gallery-link\" href=\"https:\/\/www.nerissa.it\/wp-content\/uploads\/2019\/04\/Master-Bedroom-Nerissa-Holiday-Apartment-Milazzo.jpg\" data-size=\"1008x756\"><\/a>\n\t\t\t\t\t\t<div class=\"image-wrapper\"><img height=\"756\" width=\"1008\" alt=\"img-gallery-carousel\" src=\"https:\/\/www.nerissa.it\/wp-content\/uploads\/2019\/04\/Master-Bedroom-Nerissa-Holiday-Apartment-Milazzo.jpg\"\/>\n\t\t\t\t\t\t<\/div>\n\t\t\t\t\t<\/div><\/div><div class=\"swiper-slide\"><div class=\"rokka-gallery-item gallery-lightbox\">\n\t\t\t\t\t\t<a class=\"gallery-link\" href=\"https:\/\/www.nerissa.it\/wp-content\/uploads\/2019\/04\/Bagno-appartamento-per-vacanze-a-milazzo-1.jpg\" data-size=\"1152x648\"><\/a>\n\t\t\t\t\t\t<div class=\"image-wrapper\"><img height=\"648\" width=\"1152\" alt=\"img-gallery-carousel\" src=\"https:\/\/www.nerissa.it\/wp-content\/uploads\/2019\/04\/Bagno-appartamento-per-vacanze-a-milazzo-1.jpg\"\/>\n\t\t\t\t\t\t<\/div>\n\t\t\t\t\t<\/div><\/div><div class=\"swiper-slide\"><div class=\"rokka-gallery-item gallery-lightbox\">\n\t\t\t\t\t\t<a class=\"gallery-link\" href=\"https:\/\/www.nerissa.it\/wp-content\/uploads\/2019\/04\/Appartamento-per-vacanze-a-Milazzo-bagno-per-potatori-di-handicap.jpg\" data-size=\"1094x821\"><\/a>\n\t\t\t\t\t\t<div class=\"image-wrapper\"><img height=\"821\" width=\"1094\" alt=\"img-gallery-carousel\" src=\"https:\/\/www.nerissa.it\/wp-content\/uploads\/2019\/04\/Appartamento-per-vacanze-a-Milazzo-bagno-per-potatori-di-handicap.jpg\"\/>\n\t\t\t\t\t\t<\/div>\n\t\t\t\t\t<\/div><\/div><div class=\"swiper-slide\"><div class=\"rokka-gallery-item gallery-lightbox\">\n\t\t\t\t\t\t<a class=\"gallery-link\" href=\"https:\/\/www.nerissa.it\/wp-content\/uploads\/2019\/04\/Appartamento-per-vacanze-a-Milazzo-doccia-per-portatori-di-handicap-1.jpg\" data-size=\"821x1094\"><\/a>\n\t\t\t\t\t\t<div class=\"image-wrapper\"><img height=\"1094\" width=\"821\" alt=\"img-gallery-carousel\" src=\"https:\/\/www.nerissa.it\/wp-content\/uploads\/2019\/04\/Appartamento-per-vacanze-a-Milazzo-doccia-per-portatori-di-handicap-1.jpg\"\/>\n\t\t\t\t\t\t<\/div>\n\t\t\t\t\t<\/div><\/div><div class=\"swiper-slide\"><div class=\"rokka-gallery-item gallery-lightbox\">\n\t\t\t\t\t\t<a class=\"gallery-link\" href=\"https:\/\/www.nerissa.it\/wp-content\/uploads\/2019\/04\/balcone-tavolino.jpg\" data-size=\"719x1024\"><\/a>\n\t\t\t\t\t\t<div class=\"image-wrapper\"><img height=\"1024\" width=\"719\" alt=\"img-gallery-carousel\" src=\"https:\/\/www.nerissa.it\/wp-content\/uploads\/2019\/04\/balcone-tavolino.jpg\"\/>\n\t\t\t\t\t\t<\/div>\n\t\t\t\t\t<\/div><\/div><div class=\"swiper-slide\"><div class=\"rokka-gallery-item gallery-lightbox\">\n\t\t\t\t\t\t<a class=\"gallery-link\" href=\"https:\/\/www.nerissa.it\/wp-content\/uploads\/2019\/04\/Appartamento-per-vacanze-a-Milazzo-con-balconi.jpg\" data-size=\"912x684\"><\/a>\n\t\t\t\t\t\t<div class=\"image-wrapper\"><img height=\"684\" width=\"912\" alt=\"img-gallery-carousel\" src=\"https:\/\/www.nerissa.it\/wp-content\/uploads\/2019\/04\/Appartamento-per-vacanze-a-Milazzo-con-balconi.jpg\"\/>\n\t\t\t\t\t\t<\/div>\n\t\t\t\t\t<\/div><\/div><div class=\"swiper-slide\"><div class=\"rokka-gallery-item gallery-lightbox\">\n\t\t\t\t\t\t<a class=\"gallery-link\" href=\"https:\/\/www.nerissa.it\/wp-content\/uploads\/2019\/04\/Vista-balcone-porto.jpg\" data-size=\"960x720\"><\/a>\n\t\t\t\t\t\t<div class=\"image-wrapper\"><img height=\"720\" width=\"960\" alt=\"img-gallery-carousel\" src=\"https:\/\/www.nerissa.it\/wp-content\/uploads\/2019\/04\/Vista-balcone-porto.jpg\"\/>\n\t\t\t\t\t\t<\/div>\n\t\t\t\t\t<\/div><\/div><\/div><div class=\"rokka-carousel-pagination\"><\/div><\/div><\/div><div class=\"custom-styles\" data-styles=\".id_169e682ab46303176268800 .swiper-pagination-bullet { background-color: #bcbcbc; color: #bcbcbc } .id_169e682ab46303176268800 .rokka-carousel-pagination .swiper-pagination-bullet.swiper-pagination-bullet-active { background-color: #907211; border-color: #bcbcbc}\"><\/div>[\/vc_column][vc_column width=\u00bb1\/2&#8243;]<div class=\"heading-with-separator text-left id_169e682ab490e1975571691   \"><div class=\"header-content\">\n\t\t\t<p class=\"h-subheading\">Casa de vacaciones en Milazzo<\/p>\n\t\t\t<h3 class=\"heading  \" style=\"; letter-spacing: 0px; \"><\/h3><\/div><\/div><div class=\"custom-styles\" data-styles=\".id_169e682ab490e1975571691 .heading-decorator-1:before, .id_169e682ab490e1975571691 .heading-decorator-1:after { border-color: }\"><\/div>[vc_column_text]<\/p>\n<ul>\n<li>Aire acondicionado<\/li>\n<li>Calefacci\u00f3n<\/li>\n<li>Lavadora Plancha y tabla de planchar<\/li>\n<li>Secadora de pelo<\/li>\n<li>TV con canales v\u00eda sat\u00e9lite<\/li>\n<li>Cocina completa<\/li>\n<li>Horno de microondas<\/li>\n<li>Ducha<\/li>\n<li>Toallas<\/li>\n<li>Aparcamiento privado<\/li>\n<li>WifiCheck-in 3:00 pm | Salida 10:00 am<\/li>\n<\/ul>\n<p>[\/vc_column_text][\/vc_column][\/vc_row][vc_row gap=\u00bb\u00bb css=\u00bb.vc_custom_1545032199877{padding-top: 120px !important;padding-bottom: 120px !important;}\u00bb][vc_column]<div class=\"heading-with-separator text-center id_169e682ab491151035676520  vc_custom_1556826114425  \"><div class=\"header-content\">\n\t\t\t<p class=\"h-subheading\">Apartamento de vacaciones en Milazzo<\/p>\n\t\t\t<h3 class=\"heading  heading-decorator-1\" style=\"; letter-spacing: 0px; \">Nuestra Recepcion<\/h3><\/div><\/div><div class=\"custom-styles\" data-styles=\".id_169e682ab491151035676520 .heading-decorator-1:before, .id_169e682ab491151035676520 .heading-decorator-1:after { border-color: }\"><\/div>[\/vc_column][\/vc_row][vc_row full_width=\u00bbstretch_row\u00bb gap=\u00bb\u00bb video_bg=\u00bbyes\u00bb video_start=\u00bb0&#8243; video_bg_url=\u00bbhttps:\/\/www.youtube.com\/watch?v=sTP504tfDlY\u00bb video_bg_parallax=\u00bbcontent-moving\u00bb css=\u00bb.vc_custom_1556479777438{padding-top: 200px !important;padding-bottom: 200px !important;}\u00bb][vc_column]<div class=\"rokka_video_lightbox_wrapper animate-text \"  style=\"position: relative; min-height: 80px; min-width: 80px\">\n\t\t\t\n\t\t\t<div class=\"rokka_video_lightbox\"  style=\"color: #907211; justify-content: center; align-items: center\">\n\t\t\t<a href=\"https:\/\/youtu.be\/sTP504tfDlY\" class=\"play_button\"><span class=\"play\" style=\"width: 80px; height: 80px;\"><span class=\"inner-wrap\" style=\" background: #ffffff\"><svg version=\"1.1\" style=\"fill: #907211; width: 26.666666666667px; height: 26.666666666667px\" xmlns=\"http:\/\/www.w3.org\/2000\/svg\" xmlns:xlink=\"http:\/\/www.w3.org\/1999\/xlink\" width=\"600px\" height=\"800px\" x=\"0px\" y=\"0px\" viewBox=\"0 0 600 800\" enable-background=\"new 0 0 600 800\" xml:space=\"preserve\"><path fill=\"#907211\" d=\"M0-1.79v800L600,395L0-1.79z\"><\/path> <\/svg><\/span><\/span><\/a>\n\t\t\t<\/div><\/div>[\/vc_column][\/vc_row][vc_row gap=\u00bb\u00bb css=\u00bb.vc_custom_1545034917130{padding-top: 120px !important;padding-bottom: 120px !important;}\u00bb][vc_column]<div class=\"presentation-box-container  container_vc_custom_1545308057501\">\n\t\t\t<div class=\"box-standard presentation-box pos-right pos-bottom\">\n\t\t\t\t<div class=\"box-content content-with-btn  vc_custom_1545308057501\" style=\"width: 400px; background: #fff; color:  \">\n\t\t\t\t\t[vc_column_text]<\/p>\n<h3>Home is a Feeling<\/h3>\n<p>La sensaci\u00f3n de sentirse en casa en todo momento. Las experiencias y los recuerdos de esas experiencias nos hacen m\u00e1s felices que las cosas materiales. Queremos que se sienta como en casa para disfrutar de la experiencia de su maravilloso viaje a Sicilia.[\/vc_column_text]\n\t\t\t\t\t\n\t\t\t\t<\/div>\n\t\t\t\t<div class=\"box-img\" style=\"width: auto\">\n\t\t\t\t\t<div class=\"animate-image\">\n\t\t\t\t\t\t<img src=\"\">\n\t\t\t\t\t<\/div>\n\t\t\t\t<\/div>\n\t\t\t<\/div>\n\t\t<\/div>[\/vc_column][\/vc_row]<\/p>","protected":false},"excerpt":{"rendered":"<p>[vc_row full_width=\u00bbstretch_row_content_no_spaces\u00bb gap=\u00bb\u00bb css=\u00bb.vc_custom_1544523303402{margin-bottom: 50px !important;}\u00bb][vc_column width=\u00bb1\/3&#8243;][\/vc_column][vc_column width=\u00bb1\/3&#8243;][\/vc_column][vc_column width=\u00bb1\/3&#8243;][\/vc_column][\/vc_row][vc_row][vc_column][vc_column_text] El apartamento Nerissa es un apartamento de dos habitaciones con sistema de calefacci\u00f3n independiente, aire acondicionado, TV, internet wifi, lavadora, plancha y tabla de planchar, secador de pelo. Los muebles son modernos y c\u00f3modos para garantizar unas vacaciones de relax y bienestar. Consta de entrada, cocina[&#8230;] <a href=\"https:\/\/www.nerissa.it\/es\/casa-de-vacaciones-en-milazzo\/\" class=\"more-link\">Continue reading<\/a><\/p>\n","protected":false},"author":1,"featured_media":0,"parent":0,"menu_order":0,"comment_status":"closed","ping_status":"closed","template":"","meta":[],"yoast_head":"<!-- This site is optimized with the Yoast SEO plugin v21.1 - https:\/\/yoast.com\/wordpress\/plugins\/seo\/ -->\n<title>Casa de vacaciones en Milazzo - Nerissa Holiday Apartment Milazzo<\/title>\n<meta name=\"description\" content=\"El apartamento Nerissa es un apartamento de dos habitaciones en el centro de Milazzo con calefacci\u00f3n independiente, aire acondicionado, TV, internet wifi.\" \/>\n<meta name=\"robots\" content=\"index, follow, max-snippet:-1, max-image-preview:large, max-video-preview:-1\" \/>\n<link rel=\"canonical\" href=\"https:\/\/www.nerissa.it\/es\/casa-de-vacaciones-en-milazzo\/\" \/>\n<meta property=\"og:locale\" content=\"es_ES\" \/>\n<meta property=\"og:type\" content=\"article\" \/>\n<meta property=\"og:title\" content=\"Casa de vacaciones en Milazzo - Nerissa Holiday Apartment Milazzo\" \/>\n<meta property=\"og:description\" content=\"El apartamento Nerissa es un apartamento de dos habitaciones en el centro de Milazzo con calefacci\u00f3n independiente, aire acondicionado, TV, internet wifi.\" \/>\n<meta property=\"og:url\" content=\"https:\/\/www.nerissa.it\/es\/casa-de-vacaciones-en-milazzo\/\" \/>\n<meta property=\"og:site_name\" content=\"Nerissa Holiday Apartment Milazzo\" \/>\n<meta property=\"article:publisher\" content=\"https:\/\/www.facebook.com\/AppartamentoVacanzeMilazzo\/\" \/>\n<meta property=\"article:modified_time\" content=\"2023-03-17T10:04:05+00:00\" \/>\n<meta name=\"twitter:card\" content=\"summary_large_image\" \/>\n<meta name=\"twitter:label1\" content=\"Tiempo de lectura\" \/>\n\t<meta name=\"twitter:data1\" content=\"2 minutos\" \/>\n<script type=\"application\/ld+json\" class=\"yoast-schema-graph\">{\"@context\":\"https:\/\/schema.org\",\"@graph\":[{\"@type\":\"WebPage\",\"@id\":\"https:\/\/www.nerissa.it\/es\/casa-de-vacaciones-en-milazzo\/\",\"url\":\"https:\/\/www.nerissa.it\/es\/casa-de-vacaciones-en-milazzo\/\",\"name\":\"Casa de vacaciones en Milazzo - Nerissa Holiday Apartment Milazzo\",\"isPartOf\":{\"@id\":\"https:\/\/www.nerissa.it\/es\/#website\"},\"datePublished\":\"2018-11-07T10:36:37+00:00\",\"dateModified\":\"2023-03-17T10:04:05+00:00\",\"description\":\"El apartamento Nerissa es un apartamento de dos habitaciones en el centro de Milazzo con calefacci\u00f3n independiente, aire acondicionado, TV, internet wifi.\",\"breadcrumb\":{\"@id\":\"https:\/\/www.nerissa.it\/es\/casa-de-vacaciones-en-milazzo\/#breadcrumb\"},\"inLanguage\":\"es\",\"potentialAction\":[{\"@type\":\"ReadAction\",\"target\":[\"https:\/\/www.nerissa.it\/es\/casa-de-vacaciones-en-milazzo\/\"]}]},{\"@type\":\"BreadcrumbList\",\"@id\":\"https:\/\/www.nerissa.it\/es\/casa-de-vacaciones-en-milazzo\/#breadcrumb\",\"itemListElement\":[{\"@type\":\"ListItem\",\"position\":1,\"name\":\"Home\",\"item\":\"https:\/\/www.nerissa.it\/es\/\"},{\"@type\":\"ListItem\",\"position\":2,\"name\":\"Casa de vacaciones en Milazzo\"}]},{\"@type\":\"WebSite\",\"@id\":\"https:\/\/www.nerissa.it\/es\/#website\",\"url\":\"https:\/\/www.nerissa.it\/es\/\",\"name\":\"Nerissa Holiday Apartment Milazzo\",\"description\":\"Appartamento per Vacanze in affitto a Milazzo. Casa Vacanze a Milazzo.\",\"potentialAction\":[{\"@type\":\"SearchAction\",\"target\":{\"@type\":\"EntryPoint\",\"urlTemplate\":\"https:\/\/www.nerissa.it\/es\/?s={search_term_string}\"},\"query-input\":\"required name=search_term_string\"}],\"inLanguage\":\"es\"}]}<\/script>\n<!-- \/ Yoast SEO plugin. -->","yoast_head_json":{"title":"Casa de vacaciones en Milazzo - Nerissa Holiday Apartment Milazzo","description":"El apartamento Nerissa es un apartamento de dos habitaciones en el centro de Milazzo con calefacci\u00f3n independiente, aire acondicionado, TV, internet wifi.","robots":{"index":"index","follow":"follow","max-snippet":"max-snippet:-1","max-image-preview":"max-image-preview:large","max-video-preview":"max-video-preview:-1"},"canonical":"https:\/\/www.nerissa.it\/es\/casa-de-vacaciones-en-milazzo\/","og_locale":"es_ES","og_type":"article","og_title":"Casa de vacaciones en Milazzo - Nerissa Holiday Apartment Milazzo","og_description":"El apartamento Nerissa es un apartamento de dos habitaciones en el centro de Milazzo con calefacci\u00f3n independiente, aire acondicionado, TV, internet wifi.","og_url":"https:\/\/www.nerissa.it\/es\/casa-de-vacaciones-en-milazzo\/","og_site_name":"Nerissa Holiday Apartment Milazzo","article_publisher":"https:\/\/www.facebook.com\/AppartamentoVacanzeMilazzo\/","article_modified_time":"2023-03-17T10:04:05+00:00","twitter_card":"summary_large_image","twitter_misc":{"Tiempo de lectura":"2 minutos"},"schema":{"@context":"https:\/\/schema.org","@graph":[{"@type":"WebPage","@id":"https:\/\/www.nerissa.it\/es\/casa-de-vacaciones-en-milazzo\/","url":"https:\/\/www.nerissa.it\/es\/casa-de-vacaciones-en-milazzo\/","name":"Casa de vacaciones en Milazzo - Nerissa Holiday Apartment Milazzo","isPartOf":{"@id":"https:\/\/www.nerissa.it\/es\/#website"},"datePublished":"2018-11-07T10:36:37+00:00","dateModified":"2023-03-17T10:04:05+00:00","description":"El apartamento Nerissa es un apartamento de dos habitaciones en el centro de Milazzo con calefacci\u00f3n independiente, aire acondicionado, TV, internet wifi.","breadcrumb":{"@id":"https:\/\/www.nerissa.it\/es\/casa-de-vacaciones-en-milazzo\/#breadcrumb"},"inLanguage":"es","potentialAction":[{"@type":"ReadAction","target":["https:\/\/www.nerissa.it\/es\/casa-de-vacaciones-en-milazzo\/"]}]},{"@type":"BreadcrumbList","@id":"https:\/\/www.nerissa.it\/es\/casa-de-vacaciones-en-milazzo\/#breadcrumb","itemListElement":[{"@type":"ListItem","position":1,"name":"Home","item":"https:\/\/www.nerissa.it\/es\/"},{"@type":"ListItem","position":2,"name":"Casa de vacaciones en Milazzo"}]},{"@type":"WebSite","@id":"https:\/\/www.nerissa.it\/es\/#website","url":"https:\/\/www.nerissa.it\/es\/","name":"Nerissa Holiday Apartment Milazzo","description":"Appartamento per Vacanze in affitto a Milazzo. Casa Vacanze a Milazzo.","potentialAction":[{"@type":"SearchAction","target":{"@type":"EntryPoint","urlTemplate":"https:\/\/www.nerissa.it\/es\/?s={search_term_string}"},"query-input":"required name=search_term_string"}],"inLanguage":"es"}]}},"_links":{"self":[{"href":"https:\/\/www.nerissa.it\/es\/wp-json\/wp\/v2\/pages\/3103"}],"collection":[{"href":"https:\/\/www.nerissa.it\/es\/wp-json\/wp\/v2\/pages"}],"about":[{"href":"https:\/\/www.nerissa.it\/es\/wp-json\/wp\/v2\/types\/page"}],"author":[{"embeddable":true,"href":"https:\/\/www.nerissa.it\/es\/wp-json\/wp\/v2\/users\/1"}],"replies":[{"embeddable":true,"href":"https:\/\/www.nerissa.it\/es\/wp-json\/wp\/v2\/comments?post=3103"}],"version-history":[{"count":7,"href":"https:\/\/www.nerissa.it\/es\/wp-json\/wp\/v2\/pages\/3103\/revisions"}],"predecessor-version":[{"id":3318,"href":"https:\/\/www.nerissa.it\/es\/wp-json\/wp\/v2\/pages\/3103\/revisions\/3318"}],"wp:attachment":[{"href":"https:\/\/www.nerissa.it\/es\/wp-json\/wp\/v2\/media?parent=3103"}],"curies":[{"name":"wp","href":"https:\/\/api.w.org\/{rel}","templated":true}]}}