{"id":3074,"date":"2018-11-06T09:20:49","date_gmt":"2018-11-06T09:20:49","guid":{"rendered":"https:\/\/www.nerissa.it\/termini-privacy\/"},"modified":"2019-05-02T21:46:43","modified_gmt":"2019-05-02T21:46:43","slug":"terminos-y-privacidad","status":"publish","type":"page","link":"https:\/\/www.nerissa.it\/es\/terminos-y-privacidad\/","title":{"rendered":"T\u00e9rminos y Privacidad"},"content":{"rendered":"<p>[vc_row full_width=\u00bbstretch_row\u00bb gap=\u00bb\u00bb parallax=\u00bbcontent-moving\u00bb parallax_image=\u00bb1395&#8243; overlay_color=\u00bbrgba(0,0,0,0.6)\u00bb text_color=\u00bb#ffffff\u00bb css=\u00bb.vc_custom_1548157282206{padding-top: 260px !important;padding-bottom: 180px !important;}\u00bb][vc_column]<div class=\"heading-with-separator text-center id_169e67c14e82b4724347497   \"><div class=\"header-content\">\n\t\t\t<p class=\"h-subheading\"><\/p>\n\t\t\t<h1 class=\"heading  heading-decorator-1\" style=\"; letter-spacing: 0px; \">T\u00e9rminos <i>&amp; Privacidad<\/i><\/h1><\/div><\/div><div class=\"custom-styles\" data-styles=\".id_169e67c14e82b4724347497 .heading-decorator-1:before, .id_169e67c14e82b4724347497 .heading-decorator-1:after { border-color: }\"><\/div>[\/vc_column][\/vc_row][vc_row gap=\u00bb\u00bb css=\u00bb.vc_custom_1545307477944{padding-top: 120px !important;padding-bottom: 60px !important;}\u00bb][vc_column][vc_column_text css=\u00bb.vc_custom_1556815874754{margin-bottom: 60px !important;}\u00bb]<strong>CONDICIONES Y PRIVACIDAD<\/strong><br \/>\nLa propiedad est\u00e1 arrendada en virtud del art. 1 &#8211; p\u00e1rrafo 2 &#8211; lett. C) de la ley de 9 de diciembre de 1998 n. 431, con el fin de satisfacer las necesidades de vivienda temporal exclusivamente para fines tur\u00edsticos.<\/p>\n<p>1. reserva<br \/>\nLa reserva se considerar\u00e1 definitivamente confirmada solo despu\u00e9s de recibir la \u00abconfirmaci\u00f3n escrita\u00bb que se enviar\u00e1 inmediatamente despu\u00e9s de recibir el dep\u00f3sito.<\/p>\n<p>2. PAGO<br \/>\nEl dep\u00f3sito a pagar por la reserva es igual al costo de la primera noche. Durante la temporada alta (1 de junio &#8211; 30 de septiembre), el propietario puede solicitar que el dep\u00f3sito total pagado (incluida la estad\u00eda de la primera noche) se integre por un valor total del 50% del total del alquiler. El saldo de la renta se debe pagar a la llegada, junto con la recolecci\u00f3n de las llaves del apartamento.<\/p>\n<p>3. CANCELACI\u00d3N<br \/>\nEn el caso de que el inquilino haya pagado un monto superior al costo de la primera noche y se haya visto obligado por razones leg\u00edtimas a cancelar su reserva, deber\u00e1 notificarlo por escrito al menos 30 d\u00edas antes de la fecha de llegada programada. En este caso se devolver\u00e1 la mayor cantidad abonada. Por ning\u00fan motivo se devolver\u00e1 el dep\u00f3sito correspondiente al costo de la primera noche.<\/p>\n<p>4. LLEGADA<br \/>\nLa entrega de las llaves se realizar\u00e1 solo despu\u00e9s del pago del saldo. La propiedad se considera disponible para la entrega a partir de las 15.00 horas del d\u00eda de llegada (a menos que se acuerde lo contrario), mientras que la devoluci\u00f3n debe realizarse antes de las 10.00 am. D\u00eda de salida. En el caso de que el inquilino no recoja las llaves y no pague el saldo simult\u00e1neo de la cantidad adeudada, el contrato se considerar\u00e1 rescindido y el dep\u00f3sito se retendr\u00e1. A su llegada, los documentos de identidad de todas las personas que ocupar\u00e1n el apartamento deben mostrarse para el registro.<\/p>\n<p>5. REGLAS DE RESIDENCIA<br \/>\nEl alojamiento o uso del apartamento junto con los servicios del condominio por un n\u00famero de personas m\u00e1s alto que el acordado resultar\u00e1 en la terminaci\u00f3n del contrato, de conformidad con el art. 1456 del C\u00f3digo Civil. y la obligaci\u00f3n de pagar el monto total de la tarifa acordada al propietario como sanci\u00f3n de conformidad con el art. 1382 c.c. El conductor se compromete a observar escrupulosamente las normas del condominio, en particular las normas relativas a la tranquilidad. Si surge un incumplimiento grave, el contrato de arrendamiento se considerar\u00e1 terminado con efecto inmediato.<br \/>\nEl subarrendamiento est\u00e1 prohibido.<br \/>\nNo fumar dentro del apartamento.<br \/>\nNo se aceptan animales (incluso los peque\u00f1os).<br \/>\nSe pide a los hu\u00e9spedes que dejen la cocina limpia.<\/p>\n<p>6. EQUIPAMIENTO DEL APARTAMENTO.<br \/>\nEl apartamento se entrega completamente amueblado y equipado con calefacci\u00f3n independiente, aire acondicionado, cocina (equipada con vajilla, sartenes, ollas, refrigerador, congelador, horno el\u00e9ctrico, microondas, hervidor el\u00e9ctrico), lavadora, TV, internet. Wifi, plancha y tabla de planchar, secador de pelo. Se proporcionan ropa de cama (s\u00e1banas y toallas), manteles y pa\u00f1os de cocina.<\/p>\n<p>7.CAUZIONE<br \/>\nEl inquilino se compromete a cuidar al m\u00e1ximo el apartamento y los electrodom\u00e9sticos (vajilla, refrigerador, colchones, etc.). Cualquier rotura o da\u00f1o a los objetos debe ser reembolsado. Para garantizar el cumplimiento puntual de lo anterior y el compromiso de dejar el apartamento en orden, el inquilino tambi\u00e9n pagar\u00e1 al arrendador 50 euros (cincuenta \/ 00). ) como un dep\u00f3sito de seguridad sin intereses. Esta suma le ser\u00e1 devuelta al momento de la devoluci\u00f3n de las llaves, sujeto a la verificaci\u00f3n de la condici\u00f3n del mobiliario y el orden del apartamento. En caso de salida anticipada o durante la noche, el dep\u00f3sito se enviar\u00e1 por transferencia bancaria, PayPal o giro postal ( deduciendo los gastos de env\u00edo) siempre despu\u00e9s de verificar el estado de los muebles y el orden del apartamento.<\/p>\n<p>8. DETALLES DE COSTOS<br \/>\nLos precios incluyen toda la electricidad, gas, calefacci\u00f3n, agua, internet wi-fi, ropa de cama y toallas. Ni\u00f1os hasta 4 a\u00f1os gratis si duermen en una habitaci\u00f3n con dos adultos. Disponible bajo petici\u00f3n: silla para beb\u00e9, cama de camping para beb\u00e9.<\/p>\n<p>9. SALIDA<br \/>\nEl apartamento debe estar desocupado antes de las 10.00 am en la fecha acordada. La salida debe realizarse en el horario programado para permitir que el personal a cargo verifique el estado de mantenimiento. No se adeudar\u00e1 ning\u00fan importe en caso de devoluci\u00f3n de las llaves antes de la fecha de vencimiento del contrato de arrendamiento. Cualquier extensi\u00f3n del contrato de arrendamiento debe ser acordada con el propietario y sujeta a la disponibilidad de la propiedad.<\/p>\n<p>10. DISPUTAS<br \/>\nCualquier disputa que pueda surgir en relaci\u00f3n con el contrato de arrendamiento se resolver\u00e1 de manera amistosa. Si no se alcanza la composici\u00f3n amistosa, la disputa se resolver\u00e1 en la Corte de Barcelona P.G.<\/p>\n<p>11. PRIVACIDAD<br \/>\nDe conformidad con los fines del Decreto Legislativo n. 196\/2003 en el \u00abC\u00f3digo sobre la protecci\u00f3n de datos personales\u00bb, le informamos que los datos personales ingresados \u200b\u200ben el formulario de reserva se tratar\u00e1n de conformidad con esta ley, \u00fanica y exclusivamente para los fines relacionados con la devoluci\u00f3n del servicio de reserva y el env\u00edo de material. la publicidad. El 4 de mayo de 2016, el nuevo Reglamento general de protecci\u00f3n de datos (GDPR, Reglamento general de protecci\u00f3n de datos &#8211; Reglamento UE 2016\/679) se public\u00f3 en el Diario Oficial de la Uni\u00f3n Europea, que est\u00e1 vigente desde el 25 de mayo de 2018. Por lo tanto, el c\u00f3digo de privacidad ya no es efectivo con respecto a todas las regulaciones en contraste con la nueva regulaci\u00f3n general de la UE. La compilaci\u00f3n y el env\u00edo de la confirmaci\u00f3n de la reserva expresan el consentimiento del cliente al procesamiento de los datos personales contenidos en el formulario para el fines anteriores.<\/p>\n<p>12. POL\u00cdTICAS DE CANCELACI\u00d3N.<br \/>\nEn el caso de que el inquilino haya pagado un monto superior al costo de la primera noche y se haya visto obligado por razones leg\u00edtimas a cancelar su reserva, deber\u00e1 notificarlo por escrito al menos 30 d\u00edas antes de la fecha de llegada programada. En este caso, se devolver\u00e1 la mayor cantidad pagada. Por ning\u00fan motivo se devolver\u00e1 el dep\u00f3sito relacionado con el costo de la primera noche.[\/vc_column_text][\/vc_column][\/vc_row]<\/p>","protected":false},"excerpt":{"rendered":"<p>[vc_row full_width=\u00bbstretch_row\u00bb gap=\u00bb\u00bb parallax=\u00bbcontent-moving\u00bb parallax_image=\u00bb1395&#8243; overlay_color=\u00bbrgba(0,0,0,0.6)\u00bb text_color=\u00bb#ffffff\u00bb css=\u00bb.vc_custom_1548157282206{padding-top: 260px !important;padding-bottom: 180px !important;}\u00bb][vc_column][\/vc_column][\/vc_row][vc_row gap=\u00bb\u00bb css=\u00bb.vc_custom_1545307477944{padding-top: 120px !important;padding-bottom: 60px !important;}\u00bb][vc_column][vc_column_text css=\u00bb.vc_custom_1556815874754{margin-bottom: 60px !important;}\u00bb]CONDICIONES Y PRIVACIDAD La propiedad est\u00e1 arrendada en virtud del art. 1 &#8211; p\u00e1rrafo 2 &#8211; lett. C) de la ley de 9 de diciembre de 1998 n. 431, con el fin de satisfacer las[&#8230;] <a href=\"https:\/\/www.nerissa.it\/es\/terminos-y-privacidad\/\" class=\"more-link\">Continue reading<\/a><\/p>\n","protected":false},"author":1,"featured_media":0,"parent":0,"menu_order":0,"comment_status":"closed","ping_status":"closed","template":"","meta":[],"yoast_head":"<!-- This site is optimized with the Yoast SEO plugin v21.1 - https:\/\/yoast.com\/wordpress\/plugins\/seo\/ -->\n<title>T\u00e9rminos y Privacidad - Nerissa Holiday Apartment Milazzo<\/title>\n<meta name=\"description\" content=\"T\u00e9rminos y condiciones de la casa de vacaciones Nerissa. Privacidad Nerissa Holiday Apartment.\" \/>\n<meta name=\"robots\" content=\"index, follow, max-snippet:-1, max-image-preview:large, max-video-preview:-1\" \/>\n<link rel=\"canonical\" href=\"https:\/\/www.nerissa.it\/es\/terminos-y-privacidad\/\" \/>\n<meta property=\"og:locale\" content=\"es_ES\" \/>\n<meta property=\"og:type\" content=\"article\" \/>\n<meta property=\"og:title\" content=\"T\u00e9rminos y Privacidad - Nerissa Holiday Apartment Milazzo\" \/>\n<meta property=\"og:description\" content=\"T\u00e9rminos y condiciones de la casa de vacaciones Nerissa. Privacidad Nerissa Holiday Apartment.\" \/>\n<meta property=\"og:url\" content=\"https:\/\/www.nerissa.it\/es\/terminos-y-privacidad\/\" \/>\n<meta property=\"og:site_name\" content=\"Nerissa Holiday Apartment Milazzo\" \/>\n<meta property=\"article:publisher\" content=\"https:\/\/www.facebook.com\/AppartamentoVacanzeMilazzo\/\" \/>\n<meta property=\"article:modified_time\" content=\"2019-05-02T21:46:43+00:00\" \/>\n<meta name=\"twitter:card\" content=\"summary_large_image\" \/>\n<meta name=\"twitter:label1\" content=\"Tiempo de lectura\" \/>\n\t<meta name=\"twitter:data1\" content=\"6 minutos\" \/>\n<script type=\"application\/ld+json\" class=\"yoast-schema-graph\">{\"@context\":\"https:\/\/schema.org\",\"@graph\":[{\"@type\":\"WebPage\",\"@id\":\"https:\/\/www.nerissa.it\/es\/terminos-y-privacidad\/\",\"url\":\"https:\/\/www.nerissa.it\/es\/terminos-y-privacidad\/\",\"name\":\"T\u00e9rminos y Privacidad - Nerissa Holiday Apartment Milazzo\",\"isPartOf\":{\"@id\":\"https:\/\/www.nerissa.it\/es\/#website\"},\"datePublished\":\"2018-11-06T09:20:49+00:00\",\"dateModified\":\"2019-05-02T21:46:43+00:00\",\"description\":\"T\u00e9rminos y condiciones de la casa de vacaciones Nerissa. Privacidad Nerissa Holiday Apartment.\",\"breadcrumb\":{\"@id\":\"https:\/\/www.nerissa.it\/es\/terminos-y-privacidad\/#breadcrumb\"},\"inLanguage\":\"es\",\"potentialAction\":[{\"@type\":\"ReadAction\",\"target\":[\"https:\/\/www.nerissa.it\/es\/terminos-y-privacidad\/\"]}]},{\"@type\":\"BreadcrumbList\",\"@id\":\"https:\/\/www.nerissa.it\/es\/terminos-y-privacidad\/#breadcrumb\",\"itemListElement\":[{\"@type\":\"ListItem\",\"position\":1,\"name\":\"Home\",\"item\":\"https:\/\/www.nerissa.it\/es\/\"},{\"@type\":\"ListItem\",\"position\":2,\"name\":\"T\u00e9rminos y Privacidad\"}]},{\"@type\":\"WebSite\",\"@id\":\"https:\/\/www.nerissa.it\/es\/#website\",\"url\":\"https:\/\/www.nerissa.it\/es\/\",\"name\":\"Nerissa Holiday Apartment Milazzo\",\"description\":\"Appartamento per Vacanze in affitto a Milazzo. Casa Vacanze a Milazzo.\",\"potentialAction\":[{\"@type\":\"SearchAction\",\"target\":{\"@type\":\"EntryPoint\",\"urlTemplate\":\"https:\/\/www.nerissa.it\/es\/?s={search_term_string}\"},\"query-input\":\"required name=search_term_string\"}],\"inLanguage\":\"es\"}]}<\/script>\n<!-- \/ Yoast SEO plugin. -->","yoast_head_json":{"title":"T\u00e9rminos y Privacidad - Nerissa Holiday Apartment Milazzo","description":"T\u00e9rminos y condiciones de la casa de vacaciones Nerissa. Privacidad Nerissa Holiday Apartment.","robots":{"index":"index","follow":"follow","max-snippet":"max-snippet:-1","max-image-preview":"max-image-preview:large","max-video-preview":"max-video-preview:-1"},"canonical":"https:\/\/www.nerissa.it\/es\/terminos-y-privacidad\/","og_locale":"es_ES","og_type":"article","og_title":"T\u00e9rminos y Privacidad - Nerissa Holiday Apartment Milazzo","og_description":"T\u00e9rminos y condiciones de la casa de vacaciones Nerissa. Privacidad Nerissa Holiday Apartment.","og_url":"https:\/\/www.nerissa.it\/es\/terminos-y-privacidad\/","og_site_name":"Nerissa Holiday Apartment Milazzo","article_publisher":"https:\/\/www.facebook.com\/AppartamentoVacanzeMilazzo\/","article_modified_time":"2019-05-02T21:46:43+00:00","twitter_card":"summary_large_image","twitter_misc":{"Tiempo de lectura":"6 minutos"},"schema":{"@context":"https:\/\/schema.org","@graph":[{"@type":"WebPage","@id":"https:\/\/www.nerissa.it\/es\/terminos-y-privacidad\/","url":"https:\/\/www.nerissa.it\/es\/terminos-y-privacidad\/","name":"T\u00e9rminos y Privacidad - Nerissa Holiday Apartment Milazzo","isPartOf":{"@id":"https:\/\/www.nerissa.it\/es\/#website"},"datePublished":"2018-11-06T09:20:49+00:00","dateModified":"2019-05-02T21:46:43+00:00","description":"T\u00e9rminos y condiciones de la casa de vacaciones Nerissa. Privacidad Nerissa Holiday Apartment.","breadcrumb":{"@id":"https:\/\/www.nerissa.it\/es\/terminos-y-privacidad\/#breadcrumb"},"inLanguage":"es","potentialAction":[{"@type":"ReadAction","target":["https:\/\/www.nerissa.it\/es\/terminos-y-privacidad\/"]}]},{"@type":"BreadcrumbList","@id":"https:\/\/www.nerissa.it\/es\/terminos-y-privacidad\/#breadcrumb","itemListElement":[{"@type":"ListItem","position":1,"name":"Home","item":"https:\/\/www.nerissa.it\/es\/"},{"@type":"ListItem","position":2,"name":"T\u00e9rminos y Privacidad"}]},{"@type":"WebSite","@id":"https:\/\/www.nerissa.it\/es\/#website","url":"https:\/\/www.nerissa.it\/es\/","name":"Nerissa Holiday Apartment Milazzo","description":"Appartamento per Vacanze in affitto a Milazzo. Casa Vacanze a Milazzo.","potentialAction":[{"@type":"SearchAction","target":{"@type":"EntryPoint","urlTemplate":"https:\/\/www.nerissa.it\/es\/?s={search_term_string}"},"query-input":"required name=search_term_string"}],"inLanguage":"es"}]}},"_links":{"self":[{"href":"https:\/\/www.nerissa.it\/es\/wp-json\/wp\/v2\/pages\/3074"}],"collection":[{"href":"https:\/\/www.nerissa.it\/es\/wp-json\/wp\/v2\/pages"}],"about":[{"href":"https:\/\/www.nerissa.it\/es\/wp-json\/wp\/v2\/types\/page"}],"author":[{"embeddable":true,"href":"https:\/\/www.nerissa.it\/es\/wp-json\/wp\/v2\/users\/1"}],"replies":[{"embeddable":true,"href":"https:\/\/www.nerissa.it\/es\/wp-json\/wp\/v2\/comments?post=3074"}],"version-history":[{"count":3,"href":"https:\/\/www.nerissa.it\/es\/wp-json\/wp\/v2\/pages\/3074\/revisions"}],"predecessor-version":[{"id":3192,"href":"https:\/\/www.nerissa.it\/es\/wp-json\/wp\/v2\/pages\/3074\/revisions\/3192"}],"wp:attachment":[{"href":"https:\/\/www.nerissa.it\/es\/wp-json\/wp\/v2\/media?parent=3074"}],"curies":[{"name":"wp","href":"https:\/\/api.w.org\/{rel}","templated":true}]}}