{"id":2987,"date":"2018-11-06T09:18:56","date_gmt":"2018-11-06T09:18:56","guid":{"rendered":"https:\/\/www.nerissa.it\/appartamento-per-vacanze-a-milazzo\/"},"modified":"2019-05-04T16:05:03","modified_gmt":"2019-05-04T16:05:03","slug":"apartamento-de-vacaciones-en-milazzo","status":"publish","type":"page","link":"https:\/\/www.nerissa.it\/es\/","title":{"rendered":"Apartamento de vacaciones en Milazzo"},"content":{"rendered":"<p>[vc_row full_width=\u00bbstretch_row\u00bb gap=\u00bb\u00bb parallax_image=\u00bb2450,2453,2452,2451&#8243; text_color=\u00bb#ffffff\u00bb slider_images=\u00bb118,148,147&#8243; css=\u00bb.vc_custom_1556146284394{padding-top: 300px !important;padding-bottom: 200px !important;}\u00bb][vc_column parallax_image=\u00bb2429,2430,2431,2428&#8243; parallax_bg_size=\u00bbcontain\u00bb][vc_custom_heading text=\u00bb\u00bb font_container=\u00bbtag:h1|font_size:80|text_align:center|color:%23ffffff\u00bb google_fonts=\u00bbfont_family:Montserrat%3Aregular%2C700|font_style:700%20bold%20regular%3A700%3Anormal\u00bb css_animation=\u00bbfadeInUp\u00bb el_class=\u00bblogo-header-mobile\u00bb][\/vc_column][\/vc_row][vc_row gap=\u00bb\u00bb equal_height=\u00bbyes\u00bb content_placement=\u00bbmiddle\u00bb css=\u00bb.vc_custom_1540205913102{padding-top: 100px !important;padding-bottom: 100px !important;}\u00bb][vc_column width=\u00bb1\/2&#8243;]<div class=\"heading-with-separator text-left id_169e60d71d661f285984974   wpb_animate_when_almost_visible wpb_fadeInUp fadeInUp \"><div class=\"header-content\">\n\t\t\t<p class=\"h-subheading\">Apartamento de vacaciones en Milazzo<\/p>\n\t\t\t<h3 class=\"heading  \" style=\"; letter-spacing: 0px; \"><em>Nerissa Holiday Apartment Milazzo <\/em><\/h3><\/div><\/div><div class=\"custom-styles\" data-styles=\".id_169e60d71d661f285984974 .heading-decorator-1:before, .id_169e60d71d661f285984974 .heading-decorator-1:after { border-color: }\"><\/div>[vc_column_text css_animation=\u00bbfadeInUp\u00bb]Hermoso y nuevo apartamento en el segundo piso de un edificio de nueva construcci\u00f3n ubicado en el centro de Milazzo. El apartamento de alquiler puede alojar hasta cuatro personas y es muy f\u00e1cil llegar tanto en transporte p\u00fablico como en coche. La casa de vacaciones en Milazzo tiene un aparcamiento privado y est\u00e1 a solo 500 metros de la playa de Ponente, adem\u00e1s de estar muy cerca del puerto que conecta Milazzo con las islas Eolias en barcos e hidroalas o mini cruceros diarios. Desde el puerto, salga y llegue a los autobuses desde y hacia el aeropuerto de Catania y a muchos otros destinos, como Messina y la estaci\u00f3n de tren.[\/vc_column_text]<div class=\"btn-wrapper text-center id_169e60d71d68001215955595   icon-left \" ><a href=\"https:\/\/www.nerissa.it\/es\/casa-de-vacaciones-en-milazzo\/\"  class=\"btn btn-md btn-dark btn-solid\" data-btn-text=\"VER APARTAMENTO\">VER APARTAMENTO<\/a><\/div>[vc_empty_space height=\u00bb0&#8243; height2=\u00bb50&#8243;][\/vc_column][vc_column width=\u00bb1\/2&#8243;][vc_single_image image=\u00bb2937&#8243; img_size=\u00bb600&#215;600&#8243;][\/vc_column][\/vc_row][vc_row full_width=\u00bbstretch_row\u00bb gap=\u00bb\u00bb parallax_image=\u00bb2459&#8243; overlay_color=\u00bbrgba(30,30,30,0.33)\u00bb text_color=\u00bb#ffffff\u00bb css=\u00bb.vc_custom_1556146783510{padding-top: 100px !important;padding-bottom: 100px !important;}\u00bb][vc_column width=\u00bb1\/6&#8243;][\/vc_column][vc_column width=\u00bb2\/3&#8243;]<div class=\"heading-with-separator text-center id_169e60d71d72fd431576448   wpb_animate_when_almost_visible wpb_fadeInUp fadeInUp \"><div class=\"header-content\">\n\t\t\t<p class=\"h-subheading\">EL LUGAR PERFECTO PARA SUS VACACIONES EN MILAZZO Y LAS ISLAS EOLIAS<\/p>\n\t\t\t<h2 class=\"heading  \" style=\"; letter-spacing: 0px; \"><em>La casa para sus vacaciones con estacionamiento privado en el centro de Milazzo (\u00e1rea de embarque en las Islas Eolias)<\/em><\/h2><\/div><\/div><div class=\"custom-styles\" data-styles=\".id_169e60d71d72fd431576448 .heading-decorator-1:before, .id_169e60d71d72fd431576448 .heading-decorator-1:after { border-color: }\"><\/div>[\/vc_column][vc_column width=\u00bb1\/6&#8243;][\/vc_column][\/vc_row][vc_row gap=\u00bb\u00bb equal_height=\u00bbyes\u00bb content_placement=\u00bbmiddle\u00bb css=\u00bb.vc_custom_1540205913102{padding-top: 100px !important;padding-bottom: 100px !important;}\u00bb][vc_column width=\u00bb1\/2&#8243;][vc_empty_space height=\u00bb30px\u00bb][vc_gmaps link=\u00bb#E-8_JTNDaWZyYW1lJTIwc3JjJTNEJTIyaHR0cHMlM0ElMkYlMkZ3d3cuZ29vZ2xlLmNvbSUyRm1hcHMlMkZlbWJlZCUzRnBiJTNEJTIxMW0xNCUyMTFtOCUyMTFtMyUyMTFkMTI1MzguNzQyOTg2NTEzMzQyJTIxMmQxNS4yMzg4MjglMjEzZDM4LjIxNzE5MiUyMTNtMiUyMTFpMTAyNCUyMTJpNzY4JTIxNGYxMy4xJTIxM20zJTIxMW0yJTIxMXMweDAlMjUzQTB4MTJjYWZkNzhjOGI4NzVmYyUyMTJzTmVyaXNzYSUyQkhvbGlkYXklMkJBcGFydG1lbnQlMkJNaWxhenpvJTIxNWUwJTIxM20yJTIxMXNpdCUyMTJzaXQlMjE0djE1NTYxNDE3OTc2NDglMjE1bTIlMjExc2l0JTIxMnNpdCUyMiUyMHdpZHRoJTNEJTIyNjAwJTIyJTIwaGVpZ2h0JTNEJTIyNDUwJTIyJTIwZnJhbWVib3JkZXIlM0QlMjIwJTIyJTIwc3R5bGUlM0QlMjJib3JkZXIlM0EwJTIyJTIwYWxsb3dmdWxsc2NyZWVuJTNFJTNDJTJGaWZyYW1lJTNF\u00bb size=\u00bb400&#8243;][\/vc_column][vc_column width=\u00bb1\/2&#8243;]<div class=\"heading-with-separator text-left id_169e60d71d7357926143732   wpb_animate_when_almost_visible wpb_fadeInUp fadeInUp \"><div class=\"header-content\">\n\t\t\t<p class=\"h-subheading\">Apartamento de vacaciones en Milazzo<\/p>\n\t\t\t<h3 class=\"heading  \" style=\"; letter-spacing: 0px; \"><em>Por qu\u00e9 reservar con nosotros<\/em><\/h3><\/div><\/div><div class=\"custom-styles\" data-styles=\".id_169e60d71d7357926143732 .heading-decorator-1:before, .id_169e60d71d7357926143732 .heading-decorator-1:after { border-color: }\"><\/div>[vc_column_text css_animation=\u00bbfadeInUp\u00bb]<\/p>\n<ul>\n<li>\n<p class=\"font_7\">100m <span class=\"tlid-translation translation\" lang=\"es\"><span title=\"\">de los embarques para las islas Eolias<\/span><\/span><\/p>\n<\/li>\n<li>\n<p class=\"font_7\"><span class=\"tlid-translation translation\" lang=\"es\"><span title=\"\">200 metros de la parada de autob\u00fas<\/span><\/span><\/p>\n<\/li>\n<li>\n<p class=\"font_7\"><span class=\"tlid-translation translation\" lang=\"es\"><span title=\"\">500 metros de la playa de ponente<\/span><\/span><\/p>\n<\/li>\n<li>\n<p class=\"font_7\"><span class=\"tlid-translation translation\" lang=\"es\"><span title=\"\">A 50m de supermercados, tiendas, bares y restaurantes<\/span><\/span><\/p>\n<\/li>\n<li>\n<p class=\"font_7\"><span class=\"tlid-translation translation\" lang=\"es\"><span title=\"\">5 minutos a pie de Marina Garibaldi<\/span><\/span><\/p>\n<\/li>\n<li>\n<p class=\"font_7\"><span class=\"tlid-translation translation\" lang=\"es\"><span title=\"\">5 km del parque Corolla (centro comercial)<\/span><\/span><\/p>\n<\/li>\n<li>\n<p class=\"font_7\"><span class=\"tlid-translation translation\" lang=\"es\"><span class=\"\" title=\"\">A 200m del eje de la carretera por la autopista A20<\/span><\/span><\/p>\n<\/li>\n<li>\n<p class=\"font_7\"><span class=\"tlid-translation translation\" lang=\"es\"><span class=\"\" title=\"\">Parking privado dentro del edificio<\/span><\/span><\/p>\n<\/li>\n<\/ul>\n<p>[\/vc_column_text][\/vc_column][\/vc_row][vc_row full_width=\u00bbstretch_row_content_no_spaces\u00bb gap=\u00bb\u00bb][vc_column width=\u00bb1\/3&#8243;]<div class=\"interactive-box no_hover standard-box animate-text  active-hover open-lightbox\" data-sm-height=\"400\" data-lg-height=\"400\">\t\n\t\t\t\t\t<div class=\"interactive-img\" style=\"background-image: url(https:\/\/www.nerissa.it\/wp-content\/uploads\/2019\/04\/Nerissa-al-Ngonia-di-Milazzo.jpg);\"><\/div>\n\t\t\t\t\t<div class=\"box-overlay\" style=\"background: rgba(30,30,30,0.37)\"><\/div>\t\n\t\t\t\t\t<div class=\"box-content\" style=\"align-items: flex-end; justify-content: flex-start; color: #ffffff;\"><div class=\"box-text\" style=\" padding: 0;\">\n<h4>Nerissa<\/h4>\n<\/div>\n\t\t\t\t\t<\/div>\t\t\n\t\t\t\t\t\n\t\t\t\t\t\n\t\t\t\t\t \n\t\t\t\t<\/div>[\/vc_column][vc_column width=\u00bb1\/3&#8243;]<div class=\"interactive-box no_hover standard-box animate-text  active-hover open-lightbox\" data-sm-height=\"400\" data-lg-height=\"400\">\t\n\t\t\t\t\t<div class=\"interactive-img\" style=\"background-image: url(https:\/\/www.nerissa.it\/wp-content\/uploads\/2019\/04\/Lara-al-Castello-di-Milazzo-e1556232205902.jpg);\"><\/div>\n\t\t\t\t\t<div class=\"box-overlay\" style=\"background: rgba(30,30,30,0.37)\"><\/div>\t\n\t\t\t\t\t<div class=\"box-content\" style=\"align-items: flex-end; justify-content: flex-start; color: #ffffff;\"><div class=\"box-text\" style=\" padding: 0;\">\n<h4>Lara<\/h4>\n<\/div>\n\t\t\t\t\t<\/div>\t\t\n\t\t\t\t\t\n\t\t\t\t\t\n\t\t\t\t\t \n\t\t\t\t<\/div>[\/vc_column][vc_column width=\u00bb1\/3&#8243;]<div class=\"interactive-box no_hover standard-box animate-text  active-hover open-lightbox\" data-sm-height=\"400\" data-lg-height=\"400\">\t\n\t\t\t\t\t<div class=\"interactive-img\" style=\"background-image: url(https:\/\/www.nerissa.it\/wp-content\/uploads\/2019\/04\/Giuseppe.jpg);\"><\/div>\n\t\t\t\t\t<div class=\"box-overlay\" style=\"background: rgba(30,30,30,0.37)\"><\/div>\t\n\t\t\t\t\t<div class=\"box-content\" style=\"align-items: flex-end; justify-content: flex-start; color: #ffffff;\"><div class=\"box-text\" style=\" padding: 0;\">\n<h4>Giuseppe<\/h4>\n<\/div>\n\t\t\t\t\t<\/div>\t\t\n\t\t\t\t\t\n\t\t\t\t\t\n\t\t\t\t\t \n\t\t\t\t<\/div>[\/vc_column][\/vc_row][vc_row full_width=\u00bbstretch_row_content\u00bb gap=\u00bb\u00bb equal_height=\u00bbyes\u00bb content_placement=\u00bbmiddle\u00bb][vc_column width=\u00bb1\/2&#8243; css=\u00bb.vc_custom_1545209207243{padding-top: 10% !important;padding-right: 10% !important;padding-bottom: 10% !important;padding-left: 10% !important;}\u00bb][vc_single_image image=\u00bb2902&#8243; img_size=\u00bbfull\u00bb]<div class=\"heading-with-separator text-left id_169e60d71d96c21729361541   wpb_animate_when_almost_visible wpb_fadeInUp fadeInUp \"><div class=\"header-content\">\n\t\t\t<p class=\"h-subheading\">TU VACACIONES EN MILAZZO<\/p>\n\t\t\t<h3 class=\"heading  \" style=\"; letter-spacing: 0px; \"><em>Reserva con nosotros<\/em><\/h3><\/div><\/div><div class=\"custom-styles\" data-styles=\".id_169e60d71d96c21729361541 .heading-decorator-1:before, .id_169e60d71d96c21729361541 .heading-decorator-1:after { border-color: }\"><\/div>[vc_column_text css_animation=\u00bbfadeInUp\u00bb]<\/p>\n<p class=\"font_8\">Hola, soy Nerissa y soy de la hermosa isla de Bohol en Filipinas. Trabaj\u00e9 durante 12 a\u00f1os como funcionario bancario en Manila. Despu\u00e9s de mi matrimonio con Giuseppe, en 2012 me mud\u00e9 a Milazzo. En 2014, lleg\u00f3 Lara. Nuestra mayor pasi\u00f3n es viajar!<\/p>\n<p>[\/vc_column_text][\/vc_column][vc_column width=\u00bb1\/2&#8243; overlay_color=\u00bb#f9f9f9&#8243; css=\u00bb.vc_custom_1545209199227{padding-top: 10% !important;padding-right: 19% !important;padding-bottom: 10% !important;padding-left: 10% !important;}\u00bb]\n<div class=\"wpcf7 no-js\" id=\"wpcf7-f3193-o1\" lang=\"es-ES\" dir=\"ltr\">\n<div class=\"screen-reader-response\"><p role=\"status\" aria-live=\"polite\" aria-atomic=\"true\"><\/p> <ul><\/ul><\/div>\n<form action=\"\/es\/wp-json\/wp\/v2\/pages\/2987#wpcf7-f3193-o1\" method=\"post\" class=\"wpcf7-form init\" aria-label=\"Formulario de contacto\" novalidate=\"novalidate\" data-status=\"init\">\n<div style=\"display: none;\">\n<input type=\"hidden\" name=\"_wpcf7\" value=\"3193\" \/>\n<input type=\"hidden\" name=\"_wpcf7_version\" value=\"5.7.7\" \/>\n<input type=\"hidden\" name=\"_wpcf7_locale\" value=\"es_ES\" \/>\n<input type=\"hidden\" name=\"_wpcf7_unit_tag\" value=\"wpcf7-f3193-o1\" \/>\n<input type=\"hidden\" name=\"_wpcf7_container_post\" value=\"0\" \/>\n<input type=\"hidden\" name=\"_wpcf7_posted_data_hash\" value=\"\" \/>\n<\/div>\n<p><label> Tu nombre (requerido)<br \/>\n<span class=\"wpcf7-form-control-wrap\" data-name=\"your-name\"><input size=\"40\" class=\"wpcf7-form-control wpcf7-text wpcf7-validates-as-required\" aria-required=\"true\" aria-invalid=\"false\" value=\"\" type=\"text\" name=\"your-name\" \/><\/span> <\/label>\n<\/p>\n<p><label> Su correo electr\u00f3nico (requerido)<br \/>\n<span class=\"wpcf7-form-control-wrap\" data-name=\"your-email\"><input size=\"40\" class=\"wpcf7-form-control wpcf7-text wpcf7-email wpcf7-validates-as-required wpcf7-validates-as-email\" aria-required=\"true\" aria-invalid=\"false\" value=\"\" type=\"email\" name=\"your-email\" \/><\/span> <\/label>\n<\/p>\n<p><label> Tel\u00e9fono<br \/>\n<span class=\"wpcf7-form-control-wrap\" data-name=\"tel-861\"><input size=\"40\" class=\"wpcf7-form-control wpcf7-text wpcf7-tel wpcf7-validates-as-required wpcf7-validates-as-tel\" aria-required=\"true\" aria-invalid=\"false\" value=\"\" type=\"tel\" name=\"tel-861\" \/><\/span> <\/label>\n<\/p>\n<p><label> Sujeto<br \/>\n<span class=\"wpcf7-form-control-wrap\" data-name=\"your-subject\"><input size=\"40\" class=\"wpcf7-form-control wpcf7-text\" aria-invalid=\"false\" value=\"\" type=\"text\" name=\"your-subject\" \/><\/span> <\/label>\n<\/p>\n<p><label> Tu mensaje<br \/>\n<span class=\"wpcf7-form-control-wrap\" data-name=\"your-message\"><textarea cols=\"40\" rows=\"10\" class=\"wpcf7-form-control wpcf7-textarea\" aria-invalid=\"false\" name=\"your-message\"><\/textarea><\/span> <\/label>\n<\/p>\n<p><input class=\"wpcf7-form-control has-spinner wpcf7-submit\" type=\"submit\" value=\"Enviar\" \/>\n<\/p><div class=\"wpcf7-response-output\" aria-hidden=\"true\"><\/div>\n<\/form>\n<\/div>\n[\/vc_column][\/vc_row]<\/p>","protected":false},"excerpt":{"rendered":"<p>[vc_row full_width=\u00bbstretch_row\u00bb gap=\u00bb\u00bb parallax_image=\u00bb2450,2453,2452,2451&#8243; text_color=\u00bb#ffffff\u00bb slider_images=\u00bb118,148,147&#8243; css=\u00bb.vc_custom_1556146284394{padding-top: 300px !important;padding-bottom: 200px !important;}\u00bb][vc_column parallax_image=\u00bb2429,2430,2431,2428&#8243; parallax_bg_size=\u00bbcontain\u00bb][vc_custom_heading text=\u00bb\u00bb font_container=\u00bbtag:h1|font_size:80|text_align:center|color:%23ffffff\u00bb google_fonts=\u00bbfont_family:Montserrat%3Aregular%2C700|font_style:700%20bold%20regular%3A700%3Anormal\u00bb css_animation=\u00bbfadeInUp\u00bb el_class=\u00bblogo-header-mobile\u00bb][\/vc_column][\/vc_row][vc_row gap=\u00bb\u00bb equal_height=\u00bbyes\u00bb content_placement=\u00bbmiddle\u00bb css=\u00bb.vc_custom_1540205913102{padding-top: 100px !important;padding-bottom: 100px !important;}\u00bb][vc_column width=\u00bb1\/2&#8243;][vc_column_text css_animation=\u00bbfadeInUp\u00bb]Hermoso y nuevo apartamento en el segundo piso de un edificio de nueva construcci\u00f3n ubicado en el centro de Milazzo. El apartamento de alquiler puede alojar hasta cuatro[&#8230;] <a href=\"https:\/\/www.nerissa.it\/es\/\" class=\"more-link\">Continue reading<\/a><\/p>\n","protected":false},"author":1,"featured_media":0,"parent":0,"menu_order":0,"comment_status":"closed","ping_status":"closed","template":"","meta":[],"yoast_head":"<!-- This site is optimized with the Yoast SEO plugin v21.1 - https:\/\/yoast.com\/wordpress\/plugins\/seo\/ -->\n<title>Apartamento de vacaciones en Milazzo - Nerissa Holiday Apartment Milazzo<\/title>\n<meta name=\"description\" content=\"Apartamento de vacaciones en Milazzo. Casa de vacaciones en Milazzo sin barreras arquitect\u00f3nicas para personas con movilidad reducida. aparcamiento privado.\" \/>\n<meta name=\"robots\" content=\"index, follow, max-snippet:-1, max-image-preview:large, max-video-preview:-1\" \/>\n<link rel=\"canonical\" href=\"https:\/\/www.nerissa.it\/es\/\" \/>\n<meta property=\"og:locale\" content=\"es_ES\" \/>\n<meta property=\"og:type\" content=\"article\" \/>\n<meta property=\"og:title\" content=\"Apartamento de vacaciones en Milazzo - Nerissa Holiday Apartment Milazzo\" \/>\n<meta property=\"og:description\" content=\"Apartamento de vacaciones en Milazzo. Casa de vacaciones en Milazzo sin barreras arquitect\u00f3nicas para personas con movilidad reducida. aparcamiento privado.\" \/>\n<meta property=\"og:url\" content=\"https:\/\/www.nerissa.it\/es\/\" \/>\n<meta property=\"og:site_name\" content=\"Nerissa Holiday Apartment Milazzo\" \/>\n<meta property=\"article:publisher\" content=\"https:\/\/www.facebook.com\/AppartamentoVacanzeMilazzo\/\" \/>\n<meta property=\"article:modified_time\" content=\"2019-05-04T16:05:03+00:00\" \/>\n<meta name=\"twitter:card\" content=\"summary_large_image\" \/>\n<meta name=\"twitter:label1\" content=\"Tiempo de lectura\" \/>\n\t<meta name=\"twitter:data1\" content=\"4 minutos\" \/>\n<script type=\"application\/ld+json\" class=\"yoast-schema-graph\">{\"@context\":\"https:\/\/schema.org\",\"@graph\":[{\"@type\":\"WebPage\",\"@id\":\"https:\/\/www.nerissa.it\/es\/\",\"url\":\"https:\/\/www.nerissa.it\/es\/\",\"name\":\"Apartamento de vacaciones en Milazzo - Nerissa Holiday Apartment Milazzo\",\"isPartOf\":{\"@id\":\"https:\/\/www.nerissa.it\/es\/#website\"},\"datePublished\":\"2018-11-06T09:18:56+00:00\",\"dateModified\":\"2019-05-04T16:05:03+00:00\",\"description\":\"Apartamento de vacaciones en Milazzo. Casa de vacaciones en Milazzo sin barreras arquitect\u00f3nicas para personas con movilidad reducida. aparcamiento privado.\",\"breadcrumb\":{\"@id\":\"https:\/\/www.nerissa.it\/es\/#breadcrumb\"},\"inLanguage\":\"es\",\"potentialAction\":[{\"@type\":\"ReadAction\",\"target\":[\"https:\/\/www.nerissa.it\/es\/\"]}]},{\"@type\":\"BreadcrumbList\",\"@id\":\"https:\/\/www.nerissa.it\/es\/#breadcrumb\",\"itemListElement\":[{\"@type\":\"ListItem\",\"position\":1,\"name\":\"Home\",\"item\":\"https:\/\/www.nerissa.it\/es\/\"},{\"@type\":\"ListItem\",\"position\":2,\"name\":\"Apartamento de vacaciones en Milazzo\"}]},{\"@type\":\"WebSite\",\"@id\":\"https:\/\/www.nerissa.it\/es\/#website\",\"url\":\"https:\/\/www.nerissa.it\/es\/\",\"name\":\"Nerissa Holiday Apartment Milazzo\",\"description\":\"Appartamento per Vacanze in affitto a Milazzo. Casa Vacanze a Milazzo.\",\"potentialAction\":[{\"@type\":\"SearchAction\",\"target\":{\"@type\":\"EntryPoint\",\"urlTemplate\":\"https:\/\/www.nerissa.it\/es\/?s={search_term_string}\"},\"query-input\":\"required name=search_term_string\"}],\"inLanguage\":\"es\"}]}<\/script>\n<!-- \/ Yoast SEO plugin. -->","yoast_head_json":{"title":"Apartamento de vacaciones en Milazzo - Nerissa Holiday Apartment Milazzo","description":"Apartamento de vacaciones en Milazzo. Casa de vacaciones en Milazzo sin barreras arquitect\u00f3nicas para personas con movilidad reducida. aparcamiento privado.","robots":{"index":"index","follow":"follow","max-snippet":"max-snippet:-1","max-image-preview":"max-image-preview:large","max-video-preview":"max-video-preview:-1"},"canonical":"https:\/\/www.nerissa.it\/es\/","og_locale":"es_ES","og_type":"article","og_title":"Apartamento de vacaciones en Milazzo - Nerissa Holiday Apartment Milazzo","og_description":"Apartamento de vacaciones en Milazzo. Casa de vacaciones en Milazzo sin barreras arquitect\u00f3nicas para personas con movilidad reducida. aparcamiento privado.","og_url":"https:\/\/www.nerissa.it\/es\/","og_site_name":"Nerissa Holiday Apartment Milazzo","article_publisher":"https:\/\/www.facebook.com\/AppartamentoVacanzeMilazzo\/","article_modified_time":"2019-05-04T16:05:03+00:00","twitter_card":"summary_large_image","twitter_misc":{"Tiempo de lectura":"4 minutos"},"schema":{"@context":"https:\/\/schema.org","@graph":[{"@type":"WebPage","@id":"https:\/\/www.nerissa.it\/es\/","url":"https:\/\/www.nerissa.it\/es\/","name":"Apartamento de vacaciones en Milazzo - Nerissa Holiday Apartment Milazzo","isPartOf":{"@id":"https:\/\/www.nerissa.it\/es\/#website"},"datePublished":"2018-11-06T09:18:56+00:00","dateModified":"2019-05-04T16:05:03+00:00","description":"Apartamento de vacaciones en Milazzo. Casa de vacaciones en Milazzo sin barreras arquitect\u00f3nicas para personas con movilidad reducida. aparcamiento privado.","breadcrumb":{"@id":"https:\/\/www.nerissa.it\/es\/#breadcrumb"},"inLanguage":"es","potentialAction":[{"@type":"ReadAction","target":["https:\/\/www.nerissa.it\/es\/"]}]},{"@type":"BreadcrumbList","@id":"https:\/\/www.nerissa.it\/es\/#breadcrumb","itemListElement":[{"@type":"ListItem","position":1,"name":"Home","item":"https:\/\/www.nerissa.it\/es\/"},{"@type":"ListItem","position":2,"name":"Apartamento de vacaciones en Milazzo"}]},{"@type":"WebSite","@id":"https:\/\/www.nerissa.it\/es\/#website","url":"https:\/\/www.nerissa.it\/es\/","name":"Nerissa Holiday Apartment Milazzo","description":"Appartamento per Vacanze in affitto a Milazzo. Casa Vacanze a Milazzo.","potentialAction":[{"@type":"SearchAction","target":{"@type":"EntryPoint","urlTemplate":"https:\/\/www.nerissa.it\/es\/?s={search_term_string}"},"query-input":"required name=search_term_string"}],"inLanguage":"es"}]}},"_links":{"self":[{"href":"https:\/\/www.nerissa.it\/es\/wp-json\/wp\/v2\/pages\/2987"}],"collection":[{"href":"https:\/\/www.nerissa.it\/es\/wp-json\/wp\/v2\/pages"}],"about":[{"href":"https:\/\/www.nerissa.it\/es\/wp-json\/wp\/v2\/types\/page"}],"author":[{"embeddable":true,"href":"https:\/\/www.nerissa.it\/es\/wp-json\/wp\/v2\/users\/1"}],"replies":[{"embeddable":true,"href":"https:\/\/www.nerissa.it\/es\/wp-json\/wp\/v2\/comments?post=2987"}],"version-history":[{"count":8,"href":"https:\/\/www.nerissa.it\/es\/wp-json\/wp\/v2\/pages\/2987\/revisions"}],"predecessor-version":[{"id":3241,"href":"https:\/\/www.nerissa.it\/es\/wp-json\/wp\/v2\/pages\/2987\/revisions\/3241"}],"wp:attachment":[{"href":"https:\/\/www.nerissa.it\/es\/wp-json\/wp\/v2\/media?parent=2987"}],"curies":[{"name":"wp","href":"https:\/\/api.w.org\/{rel}","templated":true}]}}