{"id":3065,"date":"2018-11-06T09:20:49","date_gmt":"2018-11-06T09:20:49","guid":{"rendered":"https:\/\/www.nerissa.it\/termini-privacy\/"},"modified":"2019-05-02T21:45:56","modified_gmt":"2019-05-02T21:45:56","slug":"geschaeftsbedingungen-und-datenschutz","status":"publish","type":"page","link":"https:\/\/www.nerissa.it\/de\/geschaeftsbedingungen-und-datenschutz\/","title":{"rendered":"Gesch\u00e4ftsbedingungen &#038; Datenschutz"},"content":{"rendered":"<p>[vc_row full_width=&#8220;stretch_row&#8220; gap=&#8220;&#8220; parallax=&#8220;content-moving&#8220; parallax_image=&#8220;1395&#8243; overlay_color=&#8220;rgba(0,0,0,0.6)&#8220; text_color=&#8220;#ffffff&#8220; css=&#8220;.vc_custom_1548157282206{padding-top: 260px !important;padding-bottom: 180px !important;}&#8220;][vc_column]<div class=\"heading-with-separator text-center id_169e679510cb981511289145   \"><div class=\"header-content\">\n\t\t\t<p class=\"h-subheading\"><\/p>\n\t\t\t<h1 class=\"heading  heading-decorator-1\" style=\"; letter-spacing: 0px; \">Gesch\u00e4ftsbedingungen <i>&amp; Datenschutz<\/i><\/h1><\/div><\/div><div class=\"custom-styles\" data-styles=\".id_169e679510cb981511289145 .heading-decorator-1:before, .id_169e679510cb981511289145 .heading-decorator-1:after { border-color: }\"><\/div>[\/vc_column][\/vc_row][vc_row gap=&#8220;&#8220; css=&#8220;.vc_custom_1545307477944{padding-top: 120px !important;padding-bottom: 60px !important;}&#8220;][vc_column][vc_column_text css=&#8220;.vc_custom_1556815114168{margin-bottom: 60px !important;}&#8220;]<strong>BEDINGUNGEN &amp; DATENSCHUTZ<\/strong><br \/>\nDie Immobilie ist gem. 1 &#8211; Absatz 2 &#8211; lett. C) des Gesetzes vom 9. Dezember 1998 n. 431, um vor\u00fcbergehende Wohnbed\u00fcrfnisse ausschlie\u00dflich f\u00fcr touristische Zwecke zu befriedigen.<\/p>\n<p>1. BUCHUNG<br \/>\nDie Reservierung gilt erst nach Erhalt der &#8222;schriftlichen Best\u00e4tigung&#8220; als endg\u00fcltig best\u00e4tigt, die sofort nach Erhalt der Anzahlung zugesandt wird.<\/p>\n<p>2. ZAHLUNG<br \/>\nDie f\u00fcr die Reservierung zu zahlende Anzahlung entspricht den Kosten der ersten Nacht. W\u00e4hrend der Hochsaison (vom 1. Juni bis 30. September) kann der Vermieter verlangen, dass die gesamte Anzahlung (einschlie\u00dflich der ersten \u00dcbernachtung) f\u00fcr einen Gesamtwert von 50% der Gesamtmiete integriert wird. Der Restbetrag der Miete muss bei der Ankunft zusammen mit der Abholung der Wohnungsschl\u00fcssel bezahlt werden.<\/p>\n<p>3. STORNIERUNG<br \/>\nF\u00fcr den Fall, dass der Mieter einen h\u00f6heren Betrag als die Kosten f\u00fcr die erste Nacht gezahlt hat und aus legitimen Gr\u00fcnden gezwungen ist, seine Reservierung zu stornieren, muss er dies mindestens 30 Tage vor dem geplanten Ankunftstermin schriftlich erkl\u00e4ren. In diesem Fall wird der h\u00f6here bezahlte Betrag zur\u00fcckerstattet. Aus keinem Grund wird die Anzahlung f\u00fcr die erste Nacht zur\u00fcckerstattet.<\/p>\n<p>4. ANREISE<br \/>\nDie Schl\u00fcssel\u00fcbergabe erfolgt erst nach Zahlung des Restbetrags Die Liegenschaft gilt am Anreisetag ab 15.00 Uhr (sofern nicht anders vereinbart) f\u00fcr eine Lieferung, die R\u00fcckgabe muss sp\u00e4testens um 10.00 Uhr erfolgen Wenn der Mieter die Schl\u00fcssel nicht abholt und den f\u00e4lligen Betrag nicht gleichzeitig bezahlt, gilt der Vertrag als aufgel\u00f6st und die Anzahlung wird einbehalten. Bei der Ankunft m\u00fcssen die Ausweispapiere aller Personen, die die Wohnung bewohnen, zur Registrierung vorgelegt werden.<\/p>\n<p>5. Aufenthaltsbestimmungen<br \/>\nDie Unterbringung oder Nutzung der Wohnung zusammen mit den Eigentumswohnungen durch eine h\u00f6here Anzahl von Personen als vereinbart, f\u00fchrt zur K\u00fcndigung des Vertrages gem\u00e4\u00df Artikel. 1456 des Zivilgesetzbuches und die Verpflichtung, den gesamten Betrag des mit dem Vermieter vereinbarten Entgelts als Strafe gem\u00e4\u00df Art. 1382 n.Chr. Der Schaffner verpflichtet sich, die Bestimmungen der Eigentumswohnungen, insbesondere die Ruhe, genau einzuhalten. Sollte ein schwerwiegender Versto\u00df eintreten, gilt der Mietvertrag als sofort beendet. Die Untervermietung ist verboten. Rauchen ist in der Wohnung nicht gestattet. Haustiere sind nicht gestattet (auch kleine). Die G\u00e4ste werden gebeten, die K\u00fcche sauber zu hinterlassen<\/p>\n<p>6. AUSSTATTUNG DER WOHNUNG<br \/>\nDie Wohnung wird komplett m\u00f6bliert und mit unabh\u00e4ngiger Heizung, Klimaanlage, K\u00fcche (ausgestattet mit Geschirr, Pfannen, T\u00f6pfen, K\u00fchlschrank, Gefrierschrank, elektrischem Ofen, Mikrowelle, Wasserkocher), Waschmaschine, TV, Internet geliefert WiFi, B\u00fcgeleisen und B\u00fcgelbrett, Haartrockner. Bettw\u00e4sche (Bettw\u00e4sche und Handt\u00fccher), Tischdecken und Geschirrt\u00fccher sind vorhanden.<\/p>\n<p>7.CAUZIONE<br \/>\nDer Mieter verpflichtet sich, die Wohnung und die Haushaltsger\u00e4te (Geschirr, K\u00fchlschrank, Matratzen usw.) mit gr\u00f6\u00dfter Sorgfalt zu behandeln. Jeder Bruch oder Besch\u00e4digung von Gegenst\u00e4nden muss erstattet werden. Um die p\u00fcnktliche Einhaltung der vorstehenden Bestimmungen und die Verpflichtung, die Wohnung in der richtigen Reihenfolge zu verlassen, zu gew\u00e4hrleisten, zahlt der Mieter dem Vermieter auch Euro 50,00 (50\/00) ) als unverzinsliche Kaution. Diese Summe wird Ihnen bei der R\u00fcckgabe der Schl\u00fcssel erstattet, sofern der Zustand der Einrichtung und der Bestellung des Apartments \u00fcberpr\u00fcft wurde. Bei vorzeitiger Abreise oder w\u00e4hrend der Nacht wird die Anzahlung per Bank\u00fcberweisung, Paypal oder Postanweisung ( Abzug der Versandkosten) immer nach \u00dcberpr\u00fcfung des Zustandes der Einrichtung und der Bestellung der Wohnung.<\/p>\n<p>8. DETAILS DER KOSTEN<br \/>\nDie Preise beinhalten alle Strom, Gas, Heizung, Wasser, Internet Wi-Fi, Bettw\u00e4sche und Handt\u00fccher. Kinder bis 4 Jahre frei, wenn sie in einem Zimmer mit zwei Erwachsenen schlafen. Auf Anfrage erh\u00e4ltlich: Babyhochstuhl, Baby-Campingbett.<\/p>\n<p>9. ABFAHRT<br \/>\nDie Wohnung muss am vereinbarten Termin bis 10.00 Uhr ger\u00e4umt sein. Der Abflug muss zum geplanten Zeitpunkt erfolgen, damit das zust\u00e4ndige Personal den Wartungsstatus \u00fcberpr\u00fcfen kann. Bei R\u00fcckgabe der Schl\u00fcssel vor dem Ablaufdatum des Mietvertrages wird keine R\u00fcckerstattung f\u00e4llig. Jede Verl\u00e4ngerung des Mietvertrages muss mit dem Vermieter vereinbart werden und vorbehaltlich der Verf\u00fcgbarkeit der Immobilie.<\/p>\n<p>10. Streitf\u00e4lle<br \/>\nAlle Streitigkeiten, die im Zusammenhang mit dem Mietvertrag auftreten k\u00f6nnen, werden einvernehmlich beigelegt. Wenn die freundschaftliche Zusammensetzung nicht erreicht wird, wird der Streit vor dem Gericht von Barcelona, \u200b\u200bP.G.<\/p>\n<p>11. DATENSCHUTZ<br \/>\nGem\u00e4\u00df und f\u00fcr die Zwecke des gesetzesvertretenden Dekrets n. 196\/2003 \u00fcber den &#8222;Kodex zum Schutz personenbezogener Daten&#8220; informieren wir Sie, dass die im Buchungsformular eingetragenen personenbezogenen Daten im Einklang mit diesem Gesetz nur und ausschlie\u00dflich zu den Zwecken behandelt werden, die sich auf die R\u00fccksendung des Buchungsdienstes und das Senden von Material beziehen Werbung. Am 4. Mai 2016 wurde im Amtsblatt der Europ\u00e4ischen Union die neue Allgemeine Datenschutzverordnung (GDPR, Allgemeine Datenschutzverordnung &#8211; EU-Verordnung 2016\/679) ver\u00f6ffentlicht, die ab dem 25. Mai 2018 in Kraft tritt Das Datenschutzgesetz ist daher nicht mehr in Bezug auf alle Bestimmungen im Gegensatz zur neuen allgemeinen EU-Verordnung wirksam. Die Erstellung und Versendung der Buchungsbest\u00e4tigung dr\u00fcckt die Zustimmung des Kunden zur Verarbeitung der in dem Formular f\u00fcr das Internet enthaltenen personenbezogenen Daten aus oben genannten Zwecken.<\/p>\n<p>12. STORNIERUNGSBEDINGUNGEN<br \/>\nF\u00fcr den Fall, dass der Mieter einen h\u00f6heren Betrag als die Kosten f\u00fcr die erste Nacht gezahlt hat und aus legitimen Gr\u00fcnden gezwungen ist, seine Reservierung zu stornieren, muss er dies mindestens 30 Tage vor dem geplanten Ankunftstermin schriftlich erkl\u00e4ren. In diesem Fall wird der h\u00f6here bezahlte Betrag zur\u00fcckerstattet, und die Kaution f\u00fcr die erste Nacht wird aus keinem Grund zur\u00fcckerstattet.[\/vc_column_text][\/vc_column][\/vc_row]<\/p>","protected":false},"excerpt":{"rendered":"<p>[vc_row full_width=&#8220;stretch_row&#8220; gap=&#8220;&#8220; parallax=&#8220;content-moving&#8220; parallax_image=&#8220;1395&#8243; overlay_color=&#8220;rgba(0,0,0,0.6)&#8220; text_color=&#8220;#ffffff&#8220; css=&#8220;.vc_custom_1548157282206{padding-top: 260px !important;padding-bottom: 180px !important;}&#8220;][vc_column][\/vc_column][\/vc_row][vc_row gap=&#8220;&#8220; css=&#8220;.vc_custom_1545307477944{padding-top: 120px !important;padding-bottom: 60px !important;}&#8220;][vc_column][vc_column_text css=&#8220;.vc_custom_1556815114168{margin-bottom: 60px !important;}&#8220;]BEDINGUNGEN &amp; DATENSCHUTZ Die Immobilie ist gem. 1 &#8211; Absatz 2 &#8211; lett. C) des Gesetzes vom 9. Dezember 1998 n. 431, um vor\u00fcbergehende Wohnbed\u00fcrfnisse ausschlie\u00dflich f\u00fcr touristische Zwecke zu befriedigen. 1. BUCHUNG Die Reservierung[&#8230;] <a href=\"https:\/\/www.nerissa.it\/de\/geschaeftsbedingungen-und-datenschutz\/\" class=\"more-link\">Continue reading<\/a><\/p>\n","protected":false},"author":1,"featured_media":0,"parent":0,"menu_order":0,"comment_status":"closed","ping_status":"closed","template":"","meta":[],"yoast_head":"<!-- This site is optimized with the Yoast SEO plugin v21.1 - https:\/\/yoast.com\/wordpress\/plugins\/seo\/ -->\n<title>Gesch\u00e4ftsbedingungen &amp; Datenschutz - Nerissa Holiday Apartment Milazzo<\/title>\n<meta name=\"description\" content=\"Allgemeine Gesch\u00e4ftsbedingungen des Ferienhauses Nerissa. Datenschutz Nerissa Holiday Apartment.\" \/>\n<meta name=\"robots\" content=\"index, follow, max-snippet:-1, max-image-preview:large, max-video-preview:-1\" \/>\n<link rel=\"canonical\" href=\"https:\/\/www.nerissa.it\/de\/geschaeftsbedingungen-und-datenschutz\/\" \/>\n<meta property=\"og:locale\" content=\"de_DE\" \/>\n<meta property=\"og:type\" content=\"article\" \/>\n<meta property=\"og:title\" content=\"Gesch\u00e4ftsbedingungen &amp; Datenschutz - Nerissa Holiday Apartment Milazzo\" \/>\n<meta property=\"og:description\" content=\"Allgemeine Gesch\u00e4ftsbedingungen des Ferienhauses Nerissa. Datenschutz Nerissa Holiday Apartment.\" \/>\n<meta property=\"og:url\" content=\"https:\/\/www.nerissa.it\/de\/geschaeftsbedingungen-und-datenschutz\/\" \/>\n<meta property=\"og:site_name\" content=\"Nerissa Holiday Apartment Milazzo\" \/>\n<meta property=\"article:publisher\" content=\"https:\/\/www.facebook.com\/AppartamentoVacanzeMilazzo\/\" \/>\n<meta property=\"article:modified_time\" content=\"2019-05-02T21:45:56+00:00\" \/>\n<meta name=\"twitter:card\" content=\"summary_large_image\" \/>\n<meta name=\"twitter:label1\" content=\"Gesch\u00e4tzte Lesezeit\" \/>\n\t<meta name=\"twitter:data1\" content=\"5\u00a0Minuten\" \/>\n<script type=\"application\/ld+json\" class=\"yoast-schema-graph\">{\"@context\":\"https:\/\/schema.org\",\"@graph\":[{\"@type\":\"WebPage\",\"@id\":\"https:\/\/www.nerissa.it\/de\/geschaeftsbedingungen-und-datenschutz\/\",\"url\":\"https:\/\/www.nerissa.it\/de\/geschaeftsbedingungen-und-datenschutz\/\",\"name\":\"Gesch\u00e4ftsbedingungen & Datenschutz - Nerissa Holiday Apartment Milazzo\",\"isPartOf\":{\"@id\":\"https:\/\/www.nerissa.it\/de\/#website\"},\"datePublished\":\"2018-11-06T09:20:49+00:00\",\"dateModified\":\"2019-05-02T21:45:56+00:00\",\"description\":\"Allgemeine Gesch\u00e4ftsbedingungen des Ferienhauses Nerissa. Datenschutz Nerissa Holiday Apartment.\",\"breadcrumb\":{\"@id\":\"https:\/\/www.nerissa.it\/de\/geschaeftsbedingungen-und-datenschutz\/#breadcrumb\"},\"inLanguage\":\"de\",\"potentialAction\":[{\"@type\":\"ReadAction\",\"target\":[\"https:\/\/www.nerissa.it\/de\/geschaeftsbedingungen-und-datenschutz\/\"]}]},{\"@type\":\"BreadcrumbList\",\"@id\":\"https:\/\/www.nerissa.it\/de\/geschaeftsbedingungen-und-datenschutz\/#breadcrumb\",\"itemListElement\":[{\"@type\":\"ListItem\",\"position\":1,\"name\":\"Home\",\"item\":\"https:\/\/www.nerissa.it\/de\/\"},{\"@type\":\"ListItem\",\"position\":2,\"name\":\"Gesch\u00e4ftsbedingungen &#038; Datenschutz\"}]},{\"@type\":\"WebSite\",\"@id\":\"https:\/\/www.nerissa.it\/de\/#website\",\"url\":\"https:\/\/www.nerissa.it\/de\/\",\"name\":\"Nerissa Holiday Apartment Milazzo\",\"description\":\"Appartamento per Vacanze in affitto a Milazzo. Casa Vacanze a Milazzo.\",\"potentialAction\":[{\"@type\":\"SearchAction\",\"target\":{\"@type\":\"EntryPoint\",\"urlTemplate\":\"https:\/\/www.nerissa.it\/de\/?s={search_term_string}\"},\"query-input\":\"required name=search_term_string\"}],\"inLanguage\":\"de\"}]}<\/script>\n<!-- \/ Yoast SEO plugin. -->","yoast_head_json":{"title":"Gesch\u00e4ftsbedingungen & Datenschutz - Nerissa Holiday Apartment Milazzo","description":"Allgemeine Gesch\u00e4ftsbedingungen des Ferienhauses Nerissa. Datenschutz Nerissa Holiday Apartment.","robots":{"index":"index","follow":"follow","max-snippet":"max-snippet:-1","max-image-preview":"max-image-preview:large","max-video-preview":"max-video-preview:-1"},"canonical":"https:\/\/www.nerissa.it\/de\/geschaeftsbedingungen-und-datenschutz\/","og_locale":"de_DE","og_type":"article","og_title":"Gesch\u00e4ftsbedingungen & Datenschutz - Nerissa Holiday Apartment Milazzo","og_description":"Allgemeine Gesch\u00e4ftsbedingungen des Ferienhauses Nerissa. Datenschutz Nerissa Holiday Apartment.","og_url":"https:\/\/www.nerissa.it\/de\/geschaeftsbedingungen-und-datenschutz\/","og_site_name":"Nerissa Holiday Apartment Milazzo","article_publisher":"https:\/\/www.facebook.com\/AppartamentoVacanzeMilazzo\/","article_modified_time":"2019-05-02T21:45:56+00:00","twitter_card":"summary_large_image","twitter_misc":{"Gesch\u00e4tzte Lesezeit":"5\u00a0Minuten"},"schema":{"@context":"https:\/\/schema.org","@graph":[{"@type":"WebPage","@id":"https:\/\/www.nerissa.it\/de\/geschaeftsbedingungen-und-datenschutz\/","url":"https:\/\/www.nerissa.it\/de\/geschaeftsbedingungen-und-datenschutz\/","name":"Gesch\u00e4ftsbedingungen & Datenschutz - Nerissa Holiday Apartment Milazzo","isPartOf":{"@id":"https:\/\/www.nerissa.it\/de\/#website"},"datePublished":"2018-11-06T09:20:49+00:00","dateModified":"2019-05-02T21:45:56+00:00","description":"Allgemeine Gesch\u00e4ftsbedingungen des Ferienhauses Nerissa. Datenschutz Nerissa Holiday Apartment.","breadcrumb":{"@id":"https:\/\/www.nerissa.it\/de\/geschaeftsbedingungen-und-datenschutz\/#breadcrumb"},"inLanguage":"de","potentialAction":[{"@type":"ReadAction","target":["https:\/\/www.nerissa.it\/de\/geschaeftsbedingungen-und-datenschutz\/"]}]},{"@type":"BreadcrumbList","@id":"https:\/\/www.nerissa.it\/de\/geschaeftsbedingungen-und-datenschutz\/#breadcrumb","itemListElement":[{"@type":"ListItem","position":1,"name":"Home","item":"https:\/\/www.nerissa.it\/de\/"},{"@type":"ListItem","position":2,"name":"Gesch\u00e4ftsbedingungen &#038; Datenschutz"}]},{"@type":"WebSite","@id":"https:\/\/www.nerissa.it\/de\/#website","url":"https:\/\/www.nerissa.it\/de\/","name":"Nerissa Holiday Apartment Milazzo","description":"Appartamento per Vacanze in affitto a Milazzo. Casa Vacanze a Milazzo.","potentialAction":[{"@type":"SearchAction","target":{"@type":"EntryPoint","urlTemplate":"https:\/\/www.nerissa.it\/de\/?s={search_term_string}"},"query-input":"required name=search_term_string"}],"inLanguage":"de"}]}},"_links":{"self":[{"href":"https:\/\/www.nerissa.it\/de\/wp-json\/wp\/v2\/pages\/3065"}],"collection":[{"href":"https:\/\/www.nerissa.it\/de\/wp-json\/wp\/v2\/pages"}],"about":[{"href":"https:\/\/www.nerissa.it\/de\/wp-json\/wp\/v2\/types\/page"}],"author":[{"embeddable":true,"href":"https:\/\/www.nerissa.it\/de\/wp-json\/wp\/v2\/users\/1"}],"replies":[{"embeddable":true,"href":"https:\/\/www.nerissa.it\/de\/wp-json\/wp\/v2\/comments?post=3065"}],"version-history":[{"count":5,"href":"https:\/\/www.nerissa.it\/de\/wp-json\/wp\/v2\/pages\/3065\/revisions"}],"predecessor-version":[{"id":3190,"href":"https:\/\/www.nerissa.it\/de\/wp-json\/wp\/v2\/pages\/3065\/revisions\/3190"}],"wp:attachment":[{"href":"https:\/\/www.nerissa.it\/de\/wp-json\/wp\/v2\/media?parent=3065"}],"curies":[{"name":"wp","href":"https:\/\/api.w.org\/{rel}","templated":true}]}}