{"id":2977,"date":"2018-11-06T09:18:56","date_gmt":"2018-11-06T09:18:56","guid":{"rendered":"https:\/\/www.nerissa.it\/appartamento-per-vacanze-a-milazzo\/"},"modified":"2019-05-04T16:04:19","modified_gmt":"2019-05-04T16:04:19","slug":"ferienwohnung-in-milazzo","status":"publish","type":"page","link":"https:\/\/www.nerissa.it\/de\/","title":{"rendered":"Ferienwohnung in Milazzo"},"content":{"rendered":"<p>[vc_row full_width=&#8220;stretch_row&#8220; gap=&#8220;&#8220; parallax_image=&#8220;2450,2453,2452,2451&#8243; text_color=&#8220;#ffffff&#8220; slider_images=&#8220;118,148,147&#8243; css=&#8220;.vc_custom_1556146284394{padding-top: 300px !important;padding-bottom: 200px !important;}&#8220;][vc_column parallax_image=&#8220;2429,2430,2431,2428&#8243; parallax_bg_size=&#8220;contain&#8220;][vc_custom_heading text=&#8220;&#8220; font_container=&#8220;tag:h1|font_size:80|text_align:center|color:%23ffffff&#8220; google_fonts=&#8220;font_family:Montserrat%3Aregular%2C700|font_style:700%20bold%20regular%3A700%3Anormal&#8220; css_animation=&#8220;fadeInUp&#8220; el_class=&#8220;logo-header-mobile&#8220;][\/vc_column][\/vc_row][vc_row gap=&#8220;&#8220; equal_height=&#8220;yes&#8220; content_placement=&#8220;middle&#8220; css=&#8220;.vc_custom_1540205913102{padding-top: 100px !important;padding-bottom: 100px !important;}&#8220;][vc_column width=&#8220;1\/2&#8243;]<div class=\"heading-with-separator text-left id_169e60c8b52bab256052568   wpb_animate_when_almost_visible wpb_fadeInUp fadeInUp \"><div class=\"header-content\">\n\t\t\t<p class=\"h-subheading\">Ferienwohnung in Milazzo<\/p>\n\t\t\t<h3 class=\"heading  \" style=\"; letter-spacing: 0px; \"><em>Nerissa Holiday Apartment Milazzo <\/em><\/h3><\/div><\/div><div class=\"custom-styles\" data-styles=\".id_169e60c8b52bab256052568 .heading-decorator-1:before, .id_169e60c8b52bab256052568 .heading-decorator-1:after { border-color: }\"><\/div>[vc_column_text css_animation=&#8220;fadeInUp&#8220;]Sch\u00f6ne und brandneue Wohnung im zweiten Stock eines neu errichteten Geb\u00e4udes im Zentrum von Milazzo. Die Mietwohnung bietet Platz f\u00fcr bis zu vier Personen und ist sowohl mit \u00f6ffentlichen Verkehrsmitteln als auch mit dem Auto sehr gut zu erreichen. Das Ferienhaus in Milazzo verf\u00fcgt \u00fcber einen privaten Parkplatz und liegt nur 500 m vom Strand Ponente entfernt. Der Hafen, der Milazzo mit den \u00c4olischen Inseln mit Schiffen und Tragfl\u00fcgelbooten oder t\u00e4glichen Minikreuzfahrten verbindet, liegt ganz in der N\u00e4he. Vom Hafen aus fahren Busse zum und vom Flughafen Catania und zu zahlreichen anderen Zielen, darunter Messina und den Bahnhof.[\/vc_column_text]<div class=\"btn-wrapper text-center id_169e60c8b52cde2116832550   icon-left \" ><a href=\"https:\/\/www.nerissa.it\/de\/ferienhaus-in-milazzo\/\"  class=\"btn btn-md btn-dark btn-solid\" data-btn-text=\"WOHNUNG SEHEN\">WOHNUNG SEHEN<\/a><\/div>[vc_empty_space height=&#8220;0&#8243; height2=&#8220;50&#8243;][\/vc_column][vc_column width=&#8220;1\/2&#8243;][vc_single_image image=&#8220;2935&#8243; img_size=&#8220;600&#215;600&#8243;][\/vc_column][\/vc_row][vc_row full_width=&#8220;stretch_row&#8220; gap=&#8220;&#8220; parallax_image=&#8220;2459&#8243; overlay_color=&#8220;rgba(30,30,30,0.33)&#8220; text_color=&#8220;#ffffff&#8220; css=&#8220;.vc_custom_1556146783510{padding-top: 100px !important;padding-bottom: 100px !important;}&#8220;][vc_column width=&#8220;1\/6&#8243;][\/vc_column][vc_column width=&#8220;2\/3&#8243;]<div class=\"heading-with-separator text-center id_169e60c8b5308e1164094497   wpb_animate_when_almost_visible wpb_fadeInUp fadeInUp \"><div class=\"header-content\">\n\t\t\t<p class=\"h-subheading\">DER PERFEKTE PLATZ F\u00dcR IHRE FEIERTAGE IN MILAZZO UND DEN \u00c4OLISCHEN INSELN<\/p>\n\t\t\t<h2 class=\"heading  \" style=\"; letter-spacing: 0px; \"><em>Das Haus f\u00fcr Ihren Urlaub mit eigenem Parkplatz im Zentrum von Milazzo (Einstiegsbereich f\u00fcr die \u00c4olischen Inseln)<\/em><\/h2><\/div><\/div><div class=\"custom-styles\" data-styles=\".id_169e60c8b5308e1164094497 .heading-decorator-1:before, .id_169e60c8b5308e1164094497 .heading-decorator-1:after { border-color: }\"><\/div>[\/vc_column][vc_column width=&#8220;1\/6&#8243;][\/vc_column][\/vc_row][vc_row gap=&#8220;&#8220; equal_height=&#8220;yes&#8220; content_placement=&#8220;middle&#8220; css=&#8220;.vc_custom_1540205913102{padding-top: 100px !important;padding-bottom: 100px !important;}&#8220;][vc_column width=&#8220;1\/2&#8243;][vc_empty_space height=&#8220;30px&#8220;][vc_gmaps link=&#8220;#E-8_JTNDaWZyYW1lJTIwc3JjJTNEJTIyaHR0cHMlM0ElMkYlMkZ3d3cuZ29vZ2xlLmNvbSUyRm1hcHMlMkZlbWJlZCUzRnBiJTNEJTIxMW0xNCUyMTFtOCUyMTFtMyUyMTFkMTI1MzguNzQyOTg2NTEzMzQyJTIxMmQxNS4yMzg4MjglMjEzZDM4LjIxNzE5MiUyMTNtMiUyMTFpMTAyNCUyMTJpNzY4JTIxNGYxMy4xJTIxM20zJTIxMW0yJTIxMXMweDAlMjUzQTB4MTJjYWZkNzhjOGI4NzVmYyUyMTJzTmVyaXNzYSUyQkhvbGlkYXklMkJBcGFydG1lbnQlMkJNaWxhenpvJTIxNWUwJTIxM20yJTIxMXNpdCUyMTJzaXQlMjE0djE1NTYxNDE3OTc2NDglMjE1bTIlMjExc2l0JTIxMnNpdCUyMiUyMHdpZHRoJTNEJTIyNjAwJTIyJTIwaGVpZ2h0JTNEJTIyNDUwJTIyJTIwZnJhbWVib3JkZXIlM0QlMjIwJTIyJTIwc3R5bGUlM0QlMjJib3JkZXIlM0EwJTIyJTIwYWxsb3dmdWxsc2NyZWVuJTNFJTNDJTJGaWZyYW1lJTNF&#8220; size=&#8220;400&#8243;][\/vc_column][vc_column width=&#8220;1\/2&#8243;]<div class=\"heading-with-separator text-left id_169e60c8b530d214055541   wpb_animate_when_almost_visible wpb_fadeInUp fadeInUp \"><div class=\"header-content\">\n\t\t\t<p class=\"h-subheading\">Ferienwohnung in Milazzo<\/p>\n\t\t\t<h3 class=\"heading  \" style=\"; letter-spacing: 0px; \"><em>Warum bei uns buchen<\/em><\/h3><\/div><\/div><div class=\"custom-styles\" data-styles=\".id_169e60c8b530d214055541 .heading-decorator-1:before, .id_169e60c8b530d214055541 .heading-decorator-1:after { border-color: }\"><\/div>[vc_column_text css_animation=&#8220;fadeInUp&#8220;]<\/p>\n<ul>\n<li>\n<p class=\"font_7\">100m von den Einschiffungen f\u00fcr die \u00c4olischen Inseln<\/p>\n<\/li>\n<li>\n<p class=\"font_7\">200m von der Bushaltestelle500m vom Ponente Beach<\/p>\n<\/li>\n<li>\n<p class=\"font_7\">50m von Superm\u00e4rkten, Gesch\u00e4ften, Bars und Restaurants<\/p>\n<\/li>\n<li>\n<p class=\"font_7\">5 Minuten zu Fu\u00df von der Marina Garibaldi<\/p>\n<\/li>\n<li>\n<p class=\"font_7\">5km vom Corolla Park (Einkaufszentrum)<\/p>\n<\/li>\n<li>\n<p class=\"font_7\">200m von der Stra\u00dfenachse der Autobahn A20 entfernt<\/p>\n<\/li>\n<li>\n<p class=\"font_7\">Privatparkplatz im Geb\u00e4ude<\/p>\n<\/li>\n<\/ul>\n<p>[\/vc_column_text][\/vc_column][\/vc_row][vc_row full_width=&#8220;stretch_row_content_no_spaces&#8220; gap=&#8220;&#8220;][vc_column width=&#8220;1\/3&#8243;]<div class=\"interactive-box no_hover standard-box animate-text  active-hover open-lightbox\" data-sm-height=\"400\" data-lg-height=\"400\">\t\n\t\t\t\t\t<div class=\"interactive-img\" style=\"background-image: url(https:\/\/www.nerissa.it\/wp-content\/uploads\/2019\/04\/Nerissa-al-Ngonia-di-Milazzo.jpg);\"><\/div>\n\t\t\t\t\t<div class=\"box-overlay\" style=\"background: rgba(30,30,30,0.37)\"><\/div>\t\n\t\t\t\t\t<div class=\"box-content\" style=\"align-items: flex-end; justify-content: flex-start; color: #ffffff;\"><div class=\"box-text\" style=\" padding: 0;\">\n<h4>Nerissa<\/h4>\n<\/div>\n\t\t\t\t\t<\/div>\t\t\n\t\t\t\t\t\n\t\t\t\t\t\n\t\t\t\t\t \n\t\t\t\t<\/div>[\/vc_column][vc_column width=&#8220;1\/3&#8243;]<div class=\"interactive-box no_hover standard-box animate-text  active-hover open-lightbox\" data-sm-height=\"400\" data-lg-height=\"400\">\t\n\t\t\t\t\t<div class=\"interactive-img\" style=\"background-image: url(https:\/\/www.nerissa.it\/wp-content\/uploads\/2019\/04\/Lara-al-Castello-di-Milazzo-e1556232205902.jpg);\"><\/div>\n\t\t\t\t\t<div class=\"box-overlay\" style=\"background: rgba(30,30,30,0.37)\"><\/div>\t\n\t\t\t\t\t<div class=\"box-content\" style=\"align-items: flex-end; justify-content: flex-start; color: #ffffff;\"><div class=\"box-text\" style=\" padding: 0;\">\n<h4>Lara<\/h4>\n<\/div>\n\t\t\t\t\t<\/div>\t\t\n\t\t\t\t\t\n\t\t\t\t\t\n\t\t\t\t\t \n\t\t\t\t<\/div>[\/vc_column][vc_column width=&#8220;1\/3&#8243;]<div class=\"interactive-box no_hover standard-box animate-text  active-hover open-lightbox\" data-sm-height=\"400\" data-lg-height=\"400\">\t\n\t\t\t\t\t<div class=\"interactive-img\" style=\"background-image: url(https:\/\/www.nerissa.it\/wp-content\/uploads\/2019\/04\/Giuseppe.jpg);\"><\/div>\n\t\t\t\t\t<div class=\"box-overlay\" style=\"background: rgba(30,30,30,0.37)\"><\/div>\t\n\t\t\t\t\t<div class=\"box-content\" style=\"align-items: flex-end; justify-content: flex-start; color: #ffffff;\"><div class=\"box-text\" style=\" padding: 0;\">\n<h4>Giuseppe<\/h4>\n<\/div>\n\t\t\t\t\t<\/div>\t\t\n\t\t\t\t\t\n\t\t\t\t\t\n\t\t\t\t\t \n\t\t\t\t<\/div>[\/vc_column][\/vc_row][vc_row full_width=&#8220;stretch_row_content&#8220; gap=&#8220;&#8220; equal_height=&#8220;yes&#8220; content_placement=&#8220;middle&#8220;][vc_column width=&#8220;1\/2&#8243; css=&#8220;.vc_custom_1545209207243{padding-top: 10% !important;padding-right: 10% !important;padding-bottom: 10% !important;padding-left: 10% !important;}&#8220;][vc_single_image image=&#8220;2900&#8243; img_size=&#8220;full&#8220;]<div class=\"heading-with-separator text-left id_169e60c8b54a5b1862644377   wpb_animate_when_almost_visible wpb_fadeInUp fadeInUp \"><div class=\"header-content\">\n\t\t\t<p class=\"h-subheading\">IHR URLAUB IN MILAZZO<\/p>\n\t\t\t<h3 class=\"heading  \" style=\"; letter-spacing: 0px; \"><em>Buchen Sie bei uns<\/em><\/h3><\/div><\/div><div class=\"custom-styles\" data-styles=\".id_169e60c8b54a5b1862644377 .heading-decorator-1:before, .id_169e60c8b54a5b1862644377 .heading-decorator-1:after { border-color: }\"><\/div>[vc_column_text css_animation=&#8220;fadeInUp&#8220;]<\/p>\n<p class=\"font_8\">Hallo, ich bin Nerissa und komme aus der sch\u00f6nen Insel Bohol auf den Philippinen. Ich habe 12 Jahre als Bankbeamter in Manila gearbeitet. Nach meiner Heirat mit Giuseppe zog ich 2012 nach Milazzo. 2014 kam Lara an. Unsere gr\u00f6\u00dfte Leidenschaft ist das Reisen!<\/p>\n<p>[\/vc_column_text][\/vc_column][vc_column width=&#8220;1\/2&#8243; overlay_color=&#8220;#f9f9f9&#8243; css=&#8220;.vc_custom_1545209199227{padding-top: 10% !important;padding-right: 19% !important;padding-bottom: 10% !important;padding-left: 10% !important;}&#8220;]\n<div class=\"wpcf7 no-js\" id=\"wpcf7-f3195-o1\" lang=\"de-DE\" dir=\"ltr\">\n<div class=\"screen-reader-response\"><p role=\"status\" aria-live=\"polite\" aria-atomic=\"true\"><\/p> <ul><\/ul><\/div>\n<form action=\"\/de\/wp-json\/wp\/v2\/pages\/2977#wpcf7-f3195-o1\" method=\"post\" class=\"wpcf7-form init\" aria-label=\"Kontaktformular\" novalidate=\"novalidate\" data-status=\"init\">\n<div style=\"display: none;\">\n<input type=\"hidden\" name=\"_wpcf7\" value=\"3195\" \/>\n<input type=\"hidden\" name=\"_wpcf7_version\" value=\"5.7.7\" \/>\n<input type=\"hidden\" name=\"_wpcf7_locale\" value=\"de_DE\" \/>\n<input type=\"hidden\" name=\"_wpcf7_unit_tag\" value=\"wpcf7-f3195-o1\" \/>\n<input type=\"hidden\" name=\"_wpcf7_container_post\" value=\"0\" \/>\n<input type=\"hidden\" name=\"_wpcf7_posted_data_hash\" value=\"\" \/>\n<\/div>\n<p><label> Ihr Name (erforderlich)<br \/>\n<span class=\"wpcf7-form-control-wrap\" data-name=\"your-name\"><input size=\"40\" class=\"wpcf7-form-control wpcf7-text wpcf7-validates-as-required\" aria-required=\"true\" aria-invalid=\"false\" value=\"\" type=\"text\" name=\"your-name\" \/><\/span> <\/label>\n<\/p>\n<p><label> Ihre E-Mail-Adresse (erforderlich)<br \/>\n<span class=\"wpcf7-form-control-wrap\" data-name=\"your-email\"><input size=\"40\" class=\"wpcf7-form-control wpcf7-text wpcf7-email wpcf7-validates-as-required wpcf7-validates-as-email\" aria-required=\"true\" aria-invalid=\"false\" value=\"\" type=\"email\" name=\"your-email\" \/><\/span> <\/label>\n<\/p>\n<p><label> Telefon<br \/>\n<span class=\"wpcf7-form-control-wrap\" data-name=\"tel-861\"><input size=\"40\" class=\"wpcf7-form-control wpcf7-text wpcf7-tel wpcf7-validates-as-required wpcf7-validates-as-tel\" aria-required=\"true\" aria-invalid=\"false\" value=\"\" type=\"tel\" name=\"tel-861\" \/><\/span> <\/label>\n<\/p>\n<p><label> Betreff<br \/>\n<span class=\"wpcf7-form-control-wrap\" data-name=\"your-subject\"><input size=\"40\" class=\"wpcf7-form-control wpcf7-text\" aria-invalid=\"false\" value=\"\" type=\"text\" name=\"your-subject\" \/><\/span> <\/label>\n<\/p>\n<p><label> Ihre Nachricht<br \/>\n<span class=\"wpcf7-form-control-wrap\" data-name=\"your-message\"><textarea cols=\"40\" rows=\"10\" class=\"wpcf7-form-control wpcf7-textarea\" aria-invalid=\"false\" name=\"your-message\"><\/textarea><\/span> <\/label>\n<\/p>\n<p><input class=\"wpcf7-form-control has-spinner wpcf7-submit\" type=\"submit\" value=\"Senden\" \/>\n<\/p><div class=\"wpcf7-response-output\" aria-hidden=\"true\"><\/div>\n<\/form>\n<\/div>\n[\/vc_column][\/vc_row]<\/p>","protected":false},"excerpt":{"rendered":"<p>[vc_row full_width=&#8220;stretch_row&#8220; gap=&#8220;&#8220; parallax_image=&#8220;2450,2453,2452,2451&#8243; text_color=&#8220;#ffffff&#8220; slider_images=&#8220;118,148,147&#8243; css=&#8220;.vc_custom_1556146284394{padding-top: 300px !important;padding-bottom: 200px !important;}&#8220;][vc_column parallax_image=&#8220;2429,2430,2431,2428&#8243; parallax_bg_size=&#8220;contain&#8220;][vc_custom_heading text=&#8220;&#8220; font_container=&#8220;tag:h1|font_size:80|text_align:center|color:%23ffffff&#8220; google_fonts=&#8220;font_family:Montserrat%3Aregular%2C700|font_style:700%20bold%20regular%3A700%3Anormal&#8220; css_animation=&#8220;fadeInUp&#8220; el_class=&#8220;logo-header-mobile&#8220;][\/vc_column][\/vc_row][vc_row gap=&#8220;&#8220; equal_height=&#8220;yes&#8220; content_placement=&#8220;middle&#8220; css=&#8220;.vc_custom_1540205913102{padding-top: 100px !important;padding-bottom: 100px !important;}&#8220;][vc_column width=&#8220;1\/2&#8243;][vc_column_text css_animation=&#8220;fadeInUp&#8220;]Sch\u00f6ne und brandneue Wohnung im zweiten Stock eines neu errichteten Geb\u00e4udes im Zentrum von Milazzo. Die Mietwohnung bietet Platz f\u00fcr bis zu vier Personen und ist sowohl mit[&#8230;] <a href=\"https:\/\/www.nerissa.it\/de\/\" class=\"more-link\">Continue reading<\/a><\/p>\n","protected":false},"author":1,"featured_media":0,"parent":0,"menu_order":0,"comment_status":"closed","ping_status":"closed","template":"","meta":[],"yoast_head":"<!-- This site is optimized with the Yoast SEO plugin v21.1 - https:\/\/yoast.com\/wordpress\/plugins\/seo\/ -->\n<title>Ferienwohnung in Milazzo - Nerissa Holiday Apartment Milazzo<\/title>\n<meta name=\"description\" content=\"Ferienwohnung in Milazzo in der N\u00e4he des Hafens. Ferienhaus in Milazzo ohne architektonische Barrieren f\u00fcr behinderte G\u00e4ste. Private Parkpl\u00e4tze .\" \/>\n<meta name=\"robots\" content=\"index, follow, max-snippet:-1, max-image-preview:large, max-video-preview:-1\" \/>\n<link rel=\"canonical\" href=\"https:\/\/www.nerissa.it\/de\/\" \/>\n<meta property=\"og:locale\" content=\"de_DE\" \/>\n<meta property=\"og:type\" content=\"article\" \/>\n<meta property=\"og:title\" content=\"Ferienwohnung in Milazzo - Nerissa Holiday Apartment Milazzo\" \/>\n<meta property=\"og:description\" content=\"Ferienwohnung in Milazzo in der N\u00e4he des Hafens. Ferienhaus in Milazzo ohne architektonische Barrieren f\u00fcr behinderte G\u00e4ste. Private Parkpl\u00e4tze .\" \/>\n<meta property=\"og:url\" content=\"https:\/\/www.nerissa.it\/de\/\" \/>\n<meta property=\"og:site_name\" content=\"Nerissa Holiday Apartment Milazzo\" \/>\n<meta property=\"article:publisher\" content=\"https:\/\/www.facebook.com\/AppartamentoVacanzeMilazzo\/\" \/>\n<meta property=\"article:modified_time\" content=\"2019-05-04T16:04:19+00:00\" \/>\n<meta name=\"twitter:card\" content=\"summary_large_image\" \/>\n<meta name=\"twitter:label1\" content=\"Gesch\u00e4tzte Lesezeit\" \/>\n\t<meta name=\"twitter:data1\" content=\"4\u00a0Minuten\" \/>\n<script type=\"application\/ld+json\" class=\"yoast-schema-graph\">{\"@context\":\"https:\/\/schema.org\",\"@graph\":[{\"@type\":\"WebPage\",\"@id\":\"https:\/\/www.nerissa.it\/de\/\",\"url\":\"https:\/\/www.nerissa.it\/de\/\",\"name\":\"Ferienwohnung in Milazzo - Nerissa Holiday Apartment Milazzo\",\"isPartOf\":{\"@id\":\"https:\/\/www.nerissa.it\/de\/#website\"},\"datePublished\":\"2018-11-06T09:18:56+00:00\",\"dateModified\":\"2019-05-04T16:04:19+00:00\",\"description\":\"Ferienwohnung in Milazzo in der N\u00e4he des Hafens. Ferienhaus in Milazzo ohne architektonische Barrieren f\u00fcr behinderte G\u00e4ste. Private Parkpl\u00e4tze .\",\"breadcrumb\":{\"@id\":\"https:\/\/www.nerissa.it\/de\/#breadcrumb\"},\"inLanguage\":\"de\",\"potentialAction\":[{\"@type\":\"ReadAction\",\"target\":[\"https:\/\/www.nerissa.it\/de\/\"]}]},{\"@type\":\"BreadcrumbList\",\"@id\":\"https:\/\/www.nerissa.it\/de\/#breadcrumb\",\"itemListElement\":[{\"@type\":\"ListItem\",\"position\":1,\"name\":\"Home\",\"item\":\"https:\/\/www.nerissa.it\/de\/\"},{\"@type\":\"ListItem\",\"position\":2,\"name\":\"Ferienwohnung in Milazzo\"}]},{\"@type\":\"WebSite\",\"@id\":\"https:\/\/www.nerissa.it\/de\/#website\",\"url\":\"https:\/\/www.nerissa.it\/de\/\",\"name\":\"Nerissa Holiday Apartment Milazzo\",\"description\":\"Appartamento per Vacanze in affitto a Milazzo. Casa Vacanze a Milazzo.\",\"potentialAction\":[{\"@type\":\"SearchAction\",\"target\":{\"@type\":\"EntryPoint\",\"urlTemplate\":\"https:\/\/www.nerissa.it\/de\/?s={search_term_string}\"},\"query-input\":\"required name=search_term_string\"}],\"inLanguage\":\"de\"}]}<\/script>\n<!-- \/ Yoast SEO plugin. -->","yoast_head_json":{"title":"Ferienwohnung in Milazzo - Nerissa Holiday Apartment Milazzo","description":"Ferienwohnung in Milazzo in der N\u00e4he des Hafens. Ferienhaus in Milazzo ohne architektonische Barrieren f\u00fcr behinderte G\u00e4ste. Private Parkpl\u00e4tze .","robots":{"index":"index","follow":"follow","max-snippet":"max-snippet:-1","max-image-preview":"max-image-preview:large","max-video-preview":"max-video-preview:-1"},"canonical":"https:\/\/www.nerissa.it\/de\/","og_locale":"de_DE","og_type":"article","og_title":"Ferienwohnung in Milazzo - Nerissa Holiday Apartment Milazzo","og_description":"Ferienwohnung in Milazzo in der N\u00e4he des Hafens. Ferienhaus in Milazzo ohne architektonische Barrieren f\u00fcr behinderte G\u00e4ste. Private Parkpl\u00e4tze .","og_url":"https:\/\/www.nerissa.it\/de\/","og_site_name":"Nerissa Holiday Apartment Milazzo","article_publisher":"https:\/\/www.facebook.com\/AppartamentoVacanzeMilazzo\/","article_modified_time":"2019-05-04T16:04:19+00:00","twitter_card":"summary_large_image","twitter_misc":{"Gesch\u00e4tzte Lesezeit":"4\u00a0Minuten"},"schema":{"@context":"https:\/\/schema.org","@graph":[{"@type":"WebPage","@id":"https:\/\/www.nerissa.it\/de\/","url":"https:\/\/www.nerissa.it\/de\/","name":"Ferienwohnung in Milazzo - Nerissa Holiday Apartment Milazzo","isPartOf":{"@id":"https:\/\/www.nerissa.it\/de\/#website"},"datePublished":"2018-11-06T09:18:56+00:00","dateModified":"2019-05-04T16:04:19+00:00","description":"Ferienwohnung in Milazzo in der N\u00e4he des Hafens. Ferienhaus in Milazzo ohne architektonische Barrieren f\u00fcr behinderte G\u00e4ste. Private Parkpl\u00e4tze .","breadcrumb":{"@id":"https:\/\/www.nerissa.it\/de\/#breadcrumb"},"inLanguage":"de","potentialAction":[{"@type":"ReadAction","target":["https:\/\/www.nerissa.it\/de\/"]}]},{"@type":"BreadcrumbList","@id":"https:\/\/www.nerissa.it\/de\/#breadcrumb","itemListElement":[{"@type":"ListItem","position":1,"name":"Home","item":"https:\/\/www.nerissa.it\/de\/"},{"@type":"ListItem","position":2,"name":"Ferienwohnung in Milazzo"}]},{"@type":"WebSite","@id":"https:\/\/www.nerissa.it\/de\/#website","url":"https:\/\/www.nerissa.it\/de\/","name":"Nerissa Holiday Apartment Milazzo","description":"Appartamento per Vacanze in affitto a Milazzo. Casa Vacanze a Milazzo.","potentialAction":[{"@type":"SearchAction","target":{"@type":"EntryPoint","urlTemplate":"https:\/\/www.nerissa.it\/de\/?s={search_term_string}"},"query-input":"required name=search_term_string"}],"inLanguage":"de"}]}},"_links":{"self":[{"href":"https:\/\/www.nerissa.it\/de\/wp-json\/wp\/v2\/pages\/2977"}],"collection":[{"href":"https:\/\/www.nerissa.it\/de\/wp-json\/wp\/v2\/pages"}],"about":[{"href":"https:\/\/www.nerissa.it\/de\/wp-json\/wp\/v2\/types\/page"}],"author":[{"embeddable":true,"href":"https:\/\/www.nerissa.it\/de\/wp-json\/wp\/v2\/users\/1"}],"replies":[{"embeddable":true,"href":"https:\/\/www.nerissa.it\/de\/wp-json\/wp\/v2\/comments?post=2977"}],"version-history":[{"count":10,"href":"https:\/\/www.nerissa.it\/de\/wp-json\/wp\/v2\/pages\/2977\/revisions"}],"predecessor-version":[{"id":3239,"href":"https:\/\/www.nerissa.it\/de\/wp-json\/wp\/v2\/pages\/2977\/revisions\/3239"}],"wp:attachment":[{"href":"https:\/\/www.nerissa.it\/de\/wp-json\/wp\/v2\/media?parent=2977"}],"curies":[{"name":"wp","href":"https:\/\/api.w.org\/{rel}","templated":true}]}}